{"id":1811,"date":"2025-01-22T20:01:33","date_gmt":"2025-01-22T20:01:33","guid":{"rendered":"https:\/\/pingol.com.mx\/?page_id=1811"},"modified":"2025-01-30T19:02:26","modified_gmt":"2025-01-30T19:02:26","slug":"preguntas-frecuentes-2","status":"publish","type":"page","link":"https:\/\/pingol.com.mx\/index.php\/preguntas-frecuentes-2\/","title":{"rendered":"PREGUNTAS FRECUENTES"},"content":{"rendered":"\t\t<div data-elementor-type=\"wp-page\" data-elementor-id=\"1811\" class=\"elementor elementor-1811\" data-elementor-post-type=\"page\">\n\t\t\t\t\t\t<section class=\"elementor-section elementor-top-section elementor-element elementor-element-2b4c26e elementor-section-full_width elementor-section-height-default elementor-section-height-default\" data-id=\"2b4c26e\" data-element_type=\"section\" data-e-type=\"section\">\n\t\t\t\t\t\t<div class=\"elementor-container elementor-column-gap-default\">\n\t\t\t\t\t<div class=\"elementor-column elementor-col-100 elementor-top-column elementor-element elementor-element-1488890\" data-id=\"1488890\" data-element_type=\"column\" data-e-type=\"column\">\n\t\t\t<div class=\"elementor-widget-wrap elementor-element-populated\">\n\t\t\t\t\t\t<div class=\"elementor-element elementor-element-1a503ed elementor-widget elementor-widget-image\" data-id=\"1a503ed\" data-element_type=\"widget\" data-e-type=\"widget\" data-widget_type=\"image.default\">\n\t\t\t\t<div class=\"elementor-widget-container\">\n\t\t\t\t\t\t\t\t\t\t\t\t\t\t\t<img fetchpriority=\"high\" decoding=\"async\" width=\"1920\" height=\"566\" src=\"https:\/\/pingol.com.mx\/wp-content\/uploads\/2025\/01\/Preguntas-frecuentes-pinpj-scaled.webp\" class=\"attachment-full size-full wp-image-1777\" alt=\"\" srcset=\"https:\/\/pingol.com.mx\/wp-content\/uploads\/2025\/01\/Preguntas-frecuentes-pinpj-scaled.webp 1920w, https:\/\/pingol.com.mx\/wp-content\/uploads\/2025\/01\/Preguntas-frecuentes-pinpj-300x88.webp 300w, https:\/\/pingol.com.mx\/wp-content\/uploads\/2025\/01\/Preguntas-frecuentes-pinpj-1024x302.webp 1024w, https:\/\/pingol.com.mx\/wp-content\/uploads\/2025\/01\/Preguntas-frecuentes-pinpj-768x226.webp 768w, https:\/\/pingol.com.mx\/wp-content\/uploads\/2025\/01\/Preguntas-frecuentes-pinpj-1536x453.webp 1536w\" sizes=\"(max-width: 1920px) 100vw, 1920px\" \/>\t\t\t\t\t\t\t\t\t\t\t\t\t\t\t<\/div>\n\t\t\t\t<\/div>\n\t\t\t\t\t<\/div>\n\t\t<\/div>\n\t\t\t\t\t<\/div>\n\t\t<\/section>\n\t\t\t\t<section class=\"elementor-section elementor-top-section elementor-element elementor-element-73493e1 elementor-section-boxed elementor-section-height-default elementor-section-height-default\" data-id=\"73493e1\" data-element_type=\"section\" data-e-type=\"section\">\n\t\t\t\t\t\t<div class=\"elementor-container elementor-column-gap-default\">\n\t\t\t\t\t<div class=\"elementor-column elementor-col-100 elementor-top-column elementor-element elementor-element-75018c8\" data-id=\"75018c8\" data-element_type=\"column\" data-e-type=\"column\">\n\t\t\t<div class=\"elementor-widget-wrap elementor-element-populated\">\n\t\t\t\t\t\t<div class=\"elementor-element elementor-element-e5eced9 elementor-widget elementor-widget-shortcode\" data-id=\"e5eced9\" data-element_type=\"widget\" data-e-type=\"widget\" data-widget_type=\"shortcode.default\">\n\t\t\t\t<div class=\"elementor-widget-container\">\n\t\t\t\t\t\t\t<div class=\"elementor-shortcode\"><style>#sp-ea-1820 .spcollapsing { height: 0; overflow: hidden; transition-property: height;transition-duration: 300ms;}#sp-ea-1820.sp-easy-accordion>.sp-ea-single {margin-bottom: 10px; border: 1px solid #e2e2e2; }#sp-ea-1820.sp-easy-accordion>.sp-ea-single>.ea-header a {color: #dd3333;}#sp-ea-1820.sp-easy-accordion>.sp-ea-single>.sp-collapse>.ea-body {background: #fff; color: #444;}#sp-ea-1820.sp-easy-accordion>.sp-ea-single {background: #eee;}#sp-ea-1820.sp-easy-accordion>.sp-ea-single>.ea-header a .ea-expand-icon { float: left; color: #444;font-size: 16px;}<\/style><div id=\"sp_easy_accordion-1737576432\"><div id=\"sp-ea-1820\" class=\"sp-ea-one sp-easy-accordion\" data-ea-active=\"ea-click\" data-ea-mode=\"vertical\" data-preloader=\"\" data-scroll-active-item=\"\" data-offset-to-scroll=\"0\"><div class=\"ea-card ea-expand sp-ea-single\"><h3 class=\"ea-header\"><a class=\"collapsed\" id=\"ea-header-18200\" role=\"button\" data-sptoggle=\"spcollapse\" data-sptarget=\"#collapse18200\" aria-controls=\"collapse18200\" href=\"#\" aria-expanded=\"true\" tabindex=\"0\"><i aria-hidden=\"true\" role=\"presentation\" class=\"ea-expand-icon eap-icon-ea-expand-minus\"><\/i> \u00bfC\u00f3mo puedo facturar?<\/a><\/h3><div class=\"sp-collapse spcollapse collapsed show\" id=\"collapse18200\" data-parent=\"#sp-ea-1820\" role=\"region\" aria-labelledby=\"ea-header-18200\"> <div class=\"ea-body\"><p>El \u201cUsuario\u201d deber\u00e1 solicitar factura al momento en que realice la compra en www.comex.com.mx. En caso contrario, la facturaci\u00f3n deber\u00e1 solicitarse directamente en la \u201cTienda Comex\u201d que suministre el pedido. Las facturas son emitidas directamente por el \u201cConcesionario\u201d que haya suministrado el pedido, por lo que ser\u00e1 responsabilidad \u00fanica y exclusiva del \u201cUsuario\u201d cerciorarse de cumplir con los requisitos para solicitar facturas establecidos por cada \u201cConcesionario\u201d.<\/p><\/div><\/div><\/div><div class=\"ea-card sp-ea-single\"><h3 class=\"ea-header\"><a class=\"collapsed\" id=\"ea-header-18201\" role=\"button\" data-sptoggle=\"spcollapse\" data-sptarget=\"#collapse18201\" aria-controls=\"collapse18201\" href=\"#\" aria-expanded=\"false\" tabindex=\"0\"><i aria-hidden=\"true\" role=\"presentation\" class=\"ea-expand-icon eap-icon-ea-expand-plus\"><\/i> \u00bfPuedo facturar en l\u00ednea?<\/a><\/h3><div class=\"sp-collapse spcollapse \" id=\"collapse18201\" data-parent=\"#sp-ea-1820\" role=\"region\" aria-labelledby=\"ea-header-18201\"> <div class=\"ea-body\"><p>No. Las facturas se realizan en tienda al momento de la compra.<\/p><\/div><\/div><\/div><div class=\"ea-card sp-ea-single\"><h3 class=\"ea-header\"><a class=\"collapsed\" id=\"ea-header-18202\" role=\"button\" data-sptoggle=\"spcollapse\" data-sptarget=\"#collapse18202\" aria-controls=\"collapse18202\" href=\"#\" aria-expanded=\"false\" tabindex=\"0\"><i aria-hidden=\"true\" role=\"presentation\" class=\"ea-expand-icon eap-icon-ea-expand-plus\"><\/i> \u00bfCu\u00e1l es el horario de atenci\u00f3n a clientes?<\/a><\/h3><div class=\"sp-collapse spcollapse \" id=\"collapse18202\" data-parent=\"#sp-ea-1820\" role=\"region\" aria-labelledby=\"ea-header-18202\"> <div class=\"ea-body\"><p>El Centro de Atenci\u00f3n a Clientes est\u00e1 disponible a tu servicio de Lunes a Viernes en un horario de 8:00 a 18:00 horas.<\/p><\/div><\/div><\/div><div class=\"ea-card sp-ea-single\"><h3 class=\"ea-header\"><a class=\"collapsed\" id=\"ea-header-18203\" role=\"button\" data-sptoggle=\"spcollapse\" data-sptarget=\"#collapse18203\" aria-controls=\"collapse18203\" href=\"#\" aria-expanded=\"false\" tabindex=\"0\"><i aria-hidden=\"true\" role=\"presentation\" class=\"ea-expand-icon eap-icon-ea-expand-plus\"><\/i> \u00bfLos precios var\u00edan?<\/a><\/h3><div class=\"sp-collapse spcollapse \" id=\"collapse18203\" data-parent=\"#sp-ea-1820\" role=\"region\" aria-labelledby=\"ea-header-18203\"> <div class=\"ea-body\"><p>Es probable que los precios tengan variaci\u00f3n por zona. Los precios en l\u00ednea son hom\u00f3logos a los precios mostrados en tienda.<\/p><\/div><\/div><\/div><div class=\"ea-card sp-ea-single\"><h3 class=\"ea-header\"><a class=\"collapsed\" id=\"ea-header-18204\" role=\"button\" data-sptoggle=\"spcollapse\" data-sptarget=\"#collapse18204\" aria-controls=\"collapse18204\" href=\"#\" aria-expanded=\"false\" tabindex=\"0\"><i aria-hidden=\"true\" role=\"presentation\" class=\"ea-expand-icon eap-icon-ea-expand-plus\"><\/i> \u00bfCu\u00e1les son los m\u00e9todos de pago aceptados?<\/a><\/h3><div class=\"sp-collapse spcollapse \" id=\"collapse18204\" data-parent=\"#sp-ea-1820\" role=\"region\" aria-labelledby=\"ea-header-18204\"> <div class=\"ea-body\"><p>Por el momento, en l\u00ednea solo estamos aceptando pagos a trav\u00e9s de tarjetas bancarias de cr\u00e9dito y d\u00e9bito. En sucursal puedes pagar con efectivo, tarjetas bancarias de cr\u00e9dito y d\u00e9bito, tarjeta de vales.<\/p><\/div><\/div><\/div><\/div><\/div><\/div>\n\t\t\t\t\t\t<\/div>\n\t\t\t\t<\/div>\n\t\t\t\t\t<\/div>\n\t\t<\/div>\n\t\t\t\t\t<\/div>\n\t\t<\/section>\n\t\t\t\t<section class=\"elementor-section elementor-top-section elementor-element elementor-element-cab9e4e elementor-section-boxed elementor-section-height-default elementor-section-height-default\" data-id=\"cab9e4e\" data-element_type=\"section\" data-e-type=\"section\" data-settings=\"{&quot;background_background&quot;:&quot;classic&quot;}\">\n\t\t\t\t\t\t<div class=\"elementor-container elementor-column-gap-default\">\n\t\t\t\t\t<div class=\"elementor-column elementor-col-100 elementor-top-column elementor-element elementor-element-e3f53b9\" data-id=\"e3f53b9\" data-element_type=\"column\" data-e-type=\"column\">\n\t\t\t<div class=\"elementor-widget-wrap elementor-element-populated\">\n\t\t\t\t\t\t\t<\/div>\n\t\t<\/div>\n\t\t\t\t\t<\/div>\n\t\t<\/section>\n\t\t\t\t<\/div>\n\t\t","protected":false},"excerpt":{"rendered":"","protected":false},"author":1,"featured_media":0,"parent":0,"menu_order":0,"comment_status":"closed","ping_status":"closed","template":"","meta":{"footnotes":""},"class_list":["post-1811","page","type-page","status-publish","hentry"],"yoast_head":"<!-- This site is optimized with the Yoast SEO plugin v27.4 - https:\/\/yoast.com\/product\/yoast-seo-wordpress\/ -->\n<title>PREGUNTAS FRECUENTES - Pingol<\/title>\n<meta name=\"robots\" content=\"index, follow, max-snippet:-1, max-image-preview:large, max-video-preview:-1\" \/>\n<link rel=\"canonical\" href=\"https:\/\/pingol.com.mx\/index.php\/preguntas-frecuentes-2\/\" \/>\n<meta property=\"og:locale\" content=\"es_ES\" \/>\n<meta property=\"og:type\" content=\"article\" \/>\n<meta property=\"og:title\" content=\"PREGUNTAS FRECUENTES - Pingol\" \/>\n<meta property=\"og:url\" content=\"https:\/\/pingol.com.mx\/index.php\/preguntas-frecuentes-2\/\" \/>\n<meta property=\"og:site_name\" content=\"Pingol\" \/>\n<meta property=\"article:modified_time\" content=\"2025-01-30T19:02:26+00:00\" \/>\n<meta property=\"og:image\" content=\"https:\/\/pingol.com.mx\/wp-content\/uploads\/2025\/01\/Preguntas-frecuentes-pinpj-scaled.webp\" \/>\n\t<meta property=\"og:image:width\" content=\"1920\" \/>\n\t<meta property=\"og:image:height\" content=\"566\" \/>\n\t<meta property=\"og:image:type\" content=\"image\/webp\" \/>\n<meta name=\"twitter:card\" content=\"summary_large_image\" \/>\n<meta name=\"twitter:label1\" content=\"Tiempo de lectura\" \/>\n\t<meta name=\"twitter:data1\" content=\"1 minuto\" \/>\n<script type=\"application\/ld+json\" class=\"yoast-schema-graph\">{\"@context\":\"https:\\\/\\\/schema.org\",\"@graph\":[{\"@type\":\"WebPage\",\"@id\":\"https:\\\/\\\/pingol.com.mx\\\/index.php\\\/preguntas-frecuentes-2\\\/\",\"url\":\"https:\\\/\\\/pingol.com.mx\\\/index.php\\\/preguntas-frecuentes-2\\\/\",\"name\":\"PREGUNTAS FRECUENTES - Pingol\",\"isPartOf\":{\"@id\":\"https:\\\/\\\/pingol.com.mx\\\/#website\"},\"primaryImageOfPage\":{\"@id\":\"https:\\\/\\\/pingol.com.mx\\\/index.php\\\/preguntas-frecuentes-2\\\/#primaryimage\"},\"image\":{\"@id\":\"https:\\\/\\\/pingol.com.mx\\\/index.php\\\/preguntas-frecuentes-2\\\/#primaryimage\"},\"thumbnailUrl\":\"https:\\\/\\\/pingol.com.mx\\\/wp-content\\\/uploads\\\/2025\\\/01\\\/Preguntas-frecuentes-pinpj-scaled.webp\",\"datePublished\":\"2025-01-22T20:01:33+00:00\",\"dateModified\":\"2025-01-30T19:02:26+00:00\",\"breadcrumb\":{\"@id\":\"https:\\\/\\\/pingol.com.mx\\\/index.php\\\/preguntas-frecuentes-2\\\/#breadcrumb\"},\"inLanguage\":\"es\",\"potentialAction\":[{\"@type\":\"ReadAction\",\"target\":[\"https:\\\/\\\/pingol.com.mx\\\/index.php\\\/preguntas-frecuentes-2\\\/\"]}]},{\"@type\":\"ImageObject\",\"inLanguage\":\"es\",\"@id\":\"https:\\\/\\\/pingol.com.mx\\\/index.php\\\/preguntas-frecuentes-2\\\/#primaryimage\",\"url\":\"https:\\\/\\\/pingol.com.mx\\\/wp-content\\\/uploads\\\/2025\\\/01\\\/Preguntas-frecuentes-pinpj-scaled.webp\",\"contentUrl\":\"https:\\\/\\\/pingol.com.mx\\\/wp-content\\\/uploads\\\/2025\\\/01\\\/Preguntas-frecuentes-pinpj-scaled.webp\",\"width\":1920,\"height\":566},{\"@type\":\"BreadcrumbList\",\"@id\":\"https:\\\/\\\/pingol.com.mx\\\/index.php\\\/preguntas-frecuentes-2\\\/#breadcrumb\",\"itemListElement\":[{\"@type\":\"ListItem\",\"position\":1,\"name\":\"Portada\",\"item\":\"https:\\\/\\\/pingol.com.mx\\\/\"},{\"@type\":\"ListItem\",\"position\":2,\"name\":\"PREGUNTAS FRECUENTES\"}]},{\"@type\":\"WebSite\",\"@id\":\"https:\\\/\\\/pingol.com.mx\\\/#website\",\"url\":\"https:\\\/\\\/pingol.com.mx\\\/\",\"name\":\"Pingol\",\"description\":\"Descubre Comex Pingol, tiendas de pintura en Tulancingo, Tula, Veracruz, Tizayuca, Estado de M\u00e9xico, Ciudad de M\u00e9xico, Ciudad Valles, Poza Rica y Norte de Puebla. Ofrecemos una amplia gama de colores y acabados de alta calidad para dar vida a tus espacios. \u00a1Explora nuestra colecci\u00f3n y transforma tu hogar hoy mismo! Meta\",\"publisher\":{\"@id\":\"https:\\\/\\\/pingol.com.mx\\\/#organization\"},\"alternateName\":\"Pinturas Pingol\",\"potentialAction\":[{\"@type\":\"SearchAction\",\"target\":{\"@type\":\"EntryPoint\",\"urlTemplate\":\"https:\\\/\\\/pingol.com.mx\\\/?s={search_term_string}\"},\"query-input\":{\"@type\":\"PropertyValueSpecification\",\"valueRequired\":true,\"valueName\":\"search_term_string\"}}],\"inLanguage\":\"es\"},{\"@type\":\"Organization\",\"@id\":\"https:\\\/\\\/pingol.com.mx\\\/#organization\",\"name\":\"Pingol\",\"url\":\"https:\\\/\\\/pingol.com.mx\\\/\",\"logo\":{\"@type\":\"ImageObject\",\"inLanguage\":\"es\",\"@id\":\"https:\\\/\\\/pingol.com.mx\\\/#\\\/schema\\\/logo\\\/image\\\/\",\"url\":\"https:\\\/\\\/pingol.com.mx\\\/wp-content\\\/uploads\\\/2023\\\/03\\\/cropped-Diseno-sin-titulo-3.png\",\"contentUrl\":\"https:\\\/\\\/pingol.com.mx\\\/wp-content\\\/uploads\\\/2023\\\/03\\\/cropped-Diseno-sin-titulo-3.png\",\"width\":196,\"height\":100,\"caption\":\"Pingol\"},\"image\":{\"@id\":\"https:\\\/\\\/pingol.com.mx\\\/#\\\/schema\\\/logo\\\/image\\\/\"},\"sameAs\":[\"https:\\\/\\\/www.tiktok.com\\\/@tiendascomexgruporoma\"]}]}<\/script>\n<!-- \/ Yoast SEO plugin. -->","yoast_head_json":{"title":"PREGUNTAS FRECUENTES - Pingol","robots":{"index":"index","follow":"follow","max-snippet":"max-snippet:-1","max-image-preview":"max-image-preview:large","max-video-preview":"max-video-preview:-1"},"canonical":"https:\/\/pingol.com.mx\/index.php\/preguntas-frecuentes-2\/","og_locale":"es_ES","og_type":"article","og_title":"PREGUNTAS FRECUENTES - Pingol","og_url":"https:\/\/pingol.com.mx\/index.php\/preguntas-frecuentes-2\/","og_site_name":"Pingol","article_modified_time":"2025-01-30T19:02:26+00:00","og_image":[{"width":1920,"height":566,"url":"https:\/\/pingol.com.mx\/wp-content\/uploads\/2025\/01\/Preguntas-frecuentes-pinpj-scaled.webp","type":"image\/webp"}],"twitter_card":"summary_large_image","twitter_misc":{"Tiempo de lectura":"1 minuto"},"schema":{"@context":"https:\/\/schema.org","@graph":[{"@type":"WebPage","@id":"https:\/\/pingol.com.mx\/index.php\/preguntas-frecuentes-2\/","url":"https:\/\/pingol.com.mx\/index.php\/preguntas-frecuentes-2\/","name":"PREGUNTAS FRECUENTES - Pingol","isPartOf":{"@id":"https:\/\/pingol.com.mx\/#website"},"primaryImageOfPage":{"@id":"https:\/\/pingol.com.mx\/index.php\/preguntas-frecuentes-2\/#primaryimage"},"image":{"@id":"https:\/\/pingol.com.mx\/index.php\/preguntas-frecuentes-2\/#primaryimage"},"thumbnailUrl":"https:\/\/pingol.com.mx\/wp-content\/uploads\/2025\/01\/Preguntas-frecuentes-pinpj-scaled.webp","datePublished":"2025-01-22T20:01:33+00:00","dateModified":"2025-01-30T19:02:26+00:00","breadcrumb":{"@id":"https:\/\/pingol.com.mx\/index.php\/preguntas-frecuentes-2\/#breadcrumb"},"inLanguage":"es","potentialAction":[{"@type":"ReadAction","target":["https:\/\/pingol.com.mx\/index.php\/preguntas-frecuentes-2\/"]}]},{"@type":"ImageObject","inLanguage":"es","@id":"https:\/\/pingol.com.mx\/index.php\/preguntas-frecuentes-2\/#primaryimage","url":"https:\/\/pingol.com.mx\/wp-content\/uploads\/2025\/01\/Preguntas-frecuentes-pinpj-scaled.webp","contentUrl":"https:\/\/pingol.com.mx\/wp-content\/uploads\/2025\/01\/Preguntas-frecuentes-pinpj-scaled.webp","width":1920,"height":566},{"@type":"BreadcrumbList","@id":"https:\/\/pingol.com.mx\/index.php\/preguntas-frecuentes-2\/#breadcrumb","itemListElement":[{"@type":"ListItem","position":1,"name":"Portada","item":"https:\/\/pingol.com.mx\/"},{"@type":"ListItem","position":2,"name":"PREGUNTAS FRECUENTES"}]},{"@type":"WebSite","@id":"https:\/\/pingol.com.mx\/#website","url":"https:\/\/pingol.com.mx\/","name":"Pingol","description":"Descubre Comex Pingol, tiendas de pintura en Tulancingo, Tula, Veracruz, Tizayuca, Estado de M\u00e9xico, Ciudad de M\u00e9xico, Ciudad Valles, Poza Rica y Norte de Puebla. Ofrecemos una amplia gama de colores y acabados de alta calidad para dar vida a tus espacios. \u00a1Explora nuestra colecci\u00f3n y transforma tu hogar hoy mismo! Meta","publisher":{"@id":"https:\/\/pingol.com.mx\/#organization"},"alternateName":"Pinturas Pingol","potentialAction":[{"@type":"SearchAction","target":{"@type":"EntryPoint","urlTemplate":"https:\/\/pingol.com.mx\/?s={search_term_string}"},"query-input":{"@type":"PropertyValueSpecification","valueRequired":true,"valueName":"search_term_string"}}],"inLanguage":"es"},{"@type":"Organization","@id":"https:\/\/pingol.com.mx\/#organization","name":"Pingol","url":"https:\/\/pingol.com.mx\/","logo":{"@type":"ImageObject","inLanguage":"es","@id":"https:\/\/pingol.com.mx\/#\/schema\/logo\/image\/","url":"https:\/\/pingol.com.mx\/wp-content\/uploads\/2023\/03\/cropped-Diseno-sin-titulo-3.png","contentUrl":"https:\/\/pingol.com.mx\/wp-content\/uploads\/2023\/03\/cropped-Diseno-sin-titulo-3.png","width":196,"height":100,"caption":"Pingol"},"image":{"@id":"https:\/\/pingol.com.mx\/#\/schema\/logo\/image\/"},"sameAs":["https:\/\/www.tiktok.com\/@tiendascomexgruporoma"]}]}},"_links":{"self":[{"href":"https:\/\/pingol.com.mx\/index.php\/wp-json\/wp\/v2\/pages\/1811","targetHints":{"allow":["GET"]}}],"collection":[{"href":"https:\/\/pingol.com.mx\/index.php\/wp-json\/wp\/v2\/pages"}],"about":[{"href":"https:\/\/pingol.com.mx\/index.php\/wp-json\/wp\/v2\/types\/page"}],"author":[{"embeddable":true,"href":"https:\/\/pingol.com.mx\/index.php\/wp-json\/wp\/v2\/users\/1"}],"replies":[{"embeddable":true,"href":"https:\/\/pingol.com.mx\/index.php\/wp-json\/wp\/v2\/comments?post=1811"}],"version-history":[{"count":19,"href":"https:\/\/pingol.com.mx\/index.php\/wp-json\/wp\/v2\/pages\/1811\/revisions"}],"predecessor-version":[{"id":2415,"href":"https:\/\/pingol.com.mx\/index.php\/wp-json\/wp\/v2\/pages\/1811\/revisions\/2415"}],"wp:attachment":[{"href":"https:\/\/pingol.com.mx\/index.php\/wp-json\/wp\/v2\/media?parent=1811"}],"curies":[{"name":"wp","href":"https:\/\/api.w.org\/{rel}","templated":true}]}}