{"id":1947,"date":"2025-01-22T23:05:05","date_gmt":"2025-01-22T23:05:05","guid":{"rendered":"https:\/\/pingol.com.mx\/?page_id=1947"},"modified":"2025-01-30T22:45:53","modified_gmt":"2025-01-30T22:45:53","slug":"ecatepec","status":"publish","type":"page","link":"https:\/\/pingol.com.mx\/index.php\/ecatepec\/","title":{"rendered":"ECATEPEC"},"content":{"rendered":"\t\t<div data-elementor-type=\"wp-page\" data-elementor-id=\"1947\" class=\"elementor elementor-1947\" data-elementor-post-type=\"page\">\n\t\t\t\t\t\t<section class=\"elementor-section elementor-top-section elementor-element elementor-element-2edd541 elementor-section-boxed elementor-section-height-default elementor-section-height-default\" data-id=\"2edd541\" data-element_type=\"section\" data-e-type=\"section\">\n\t\t\t\t\t\t<div class=\"elementor-container elementor-column-gap-default\">\n\t\t\t\t\t<div class=\"elementor-column elementor-col-100 elementor-top-column elementor-element elementor-element-4529a8c\" data-id=\"4529a8c\" data-element_type=\"column\" data-e-type=\"column\">\n\t\t\t<div class=\"elementor-widget-wrap elementor-element-populated\">\n\t\t\t\t\t\t<div class=\"elementor-element elementor-element-7fc41f8 elementor-widget elementor-widget-image\" data-id=\"7fc41f8\" data-element_type=\"widget\" data-e-type=\"widget\" data-widget_type=\"image.default\">\n\t\t\t\t<div class=\"elementor-widget-container\">\n\t\t\t\t\t\t\t\t\t\t\t\t\t\t\t<img fetchpriority=\"high\" decoding=\"async\" width=\"2560\" height=\"754\" src=\"https:\/\/pingol.com.mx\/wp-content\/uploads\/2025\/01\/Zona-6-scaled.webp\" class=\"attachment-full size-full wp-image-1879\" alt=\"\" srcset=\"https:\/\/pingol.com.mx\/wp-content\/uploads\/2025\/01\/Zona-6-scaled.webp 2560w, https:\/\/pingol.com.mx\/wp-content\/uploads\/2025\/01\/Zona-6-300x88.webp 300w, https:\/\/pingol.com.mx\/wp-content\/uploads\/2025\/01\/Zona-6-1024x302.webp 1024w, https:\/\/pingol.com.mx\/wp-content\/uploads\/2025\/01\/Zona-6-768x226.webp 768w, https:\/\/pingol.com.mx\/wp-content\/uploads\/2025\/01\/Zona-6-1536x453.webp 1536w, https:\/\/pingol.com.mx\/wp-content\/uploads\/2025\/01\/Zona-6-2048x603.webp 2048w\" sizes=\"(max-width: 2560px) 100vw, 2560px\" \/>\t\t\t\t\t\t\t\t\t\t\t\t\t\t\t<\/div>\n\t\t\t\t<\/div>\n\t\t\t\t\t<\/div>\n\t\t<\/div>\n\t\t\t\t\t<\/div>\n\t\t<\/section>\n\t\t\t\t<section class=\"elementor-section elementor-top-section elementor-element elementor-element-2a0695a elementor-section-boxed elementor-section-height-default elementor-section-height-default\" data-id=\"2a0695a\" data-element_type=\"section\" data-e-type=\"section\">\n\t\t\t\t\t\t<div class=\"elementor-container elementor-column-gap-default\">\n\t\t\t\t\t<div class=\"elementor-column elementor-col-100 elementor-top-column elementor-element elementor-element-e8e99c6\" data-id=\"e8e99c6\" data-element_type=\"column\" data-e-type=\"column\">\n\t\t\t<div class=\"elementor-widget-wrap elementor-element-populated\">\n\t\t\t\t\t\t<div class=\"elementor-element elementor-element-a05d34c elementor-widget elementor-widget-text-editor\" data-id=\"a05d34c\" data-element_type=\"widget\" data-e-type=\"widget\" data-widget_type=\"text-editor.default\">\n\t\t\t\t<div class=\"elementor-widget-container\">\n\t\t\t\t\t\t\t\t\t<p>Comex Bicentenario<\/p>\t\t\t\t\t\t\t\t<\/div>\n\t\t\t\t<\/div>\n\t\t\t\t<div class=\"elementor-element elementor-element-1b6dbca elementor-widget elementor-widget-text-editor\" data-id=\"1b6dbca\" data-element_type=\"widget\" data-e-type=\"widget\" data-widget_type=\"text-editor.default\">\n\t\t\t\t<div class=\"elementor-widget-container\">\n\t\t\t\t\t\t\t\t\t<p>Av. Revoluci\u00f3n 56, San Crist\u00f3bal Centro, 55000 Ecatepec de Morelos, M\u00e9x.<\/p>\t\t\t\t\t\t\t\t<\/div>\n\t\t\t\t<\/div>\n\t\t\t\t<div class=\"elementor-element elementor-element-1992714 elementor-widget elementor-widget-text-editor\" data-id=\"1992714\" data-element_type=\"widget\" data-e-type=\"widget\" data-widget_type=\"text-editor.default\">\n\t\t\t\t<div class=\"elementor-widget-container\">\n\t\t\t\t\t\t\t\t\t<p>+52 5511154119<\/p>\t\t\t\t\t\t\t\t<\/div>\n\t\t\t\t<\/div>\n\t\t\t\t\t<\/div>\n\t\t<\/div>\n\t\t\t\t\t<\/div>\n\t\t<\/section>\n\t\t\t\t<section class=\"elementor-section elementor-top-section elementor-element elementor-element-b4e2f5f elementor-section-boxed elementor-section-height-default elementor-section-height-default\" data-id=\"b4e2f5f\" data-element_type=\"section\" data-e-type=\"section\">\n\t\t\t\t\t\t<div class=\"elementor-container elementor-column-gap-default\">\n\t\t\t\t\t<div class=\"elementor-column elementor-col-50 elementor-top-column elementor-element elementor-element-9d95acf\" data-id=\"9d95acf\" data-element_type=\"column\" data-e-type=\"column\">\n\t\t\t<div class=\"elementor-widget-wrap elementor-element-populated\">\n\t\t\t\t\t\t<div class=\"elementor-element elementor-element-2b9f160 elementor-position-inline-start elementor-widget__width-initial elementor-view-default elementor-mobile-position-block-start elementor-widget elementor-widget-icon-box\" data-id=\"2b9f160\" data-element_type=\"widget\" data-e-type=\"widget\" data-widget_type=\"icon-box.default\">\n\t\t\t\t<div class=\"elementor-widget-container\">\n\t\t\t\t\t\t\t<div class=\"elementor-icon-box-wrapper\">\n\n\t\t\t\t\t\t<div class=\"elementor-icon-box-icon\">\n\t\t\t\t<a href=\"tel:+52%205511154119\" class=\"elementor-icon\" tabindex=\"-1\">\n\t\t\t\t<i aria-hidden=\"true\" class=\"fas fa-phone-alt\"><\/i>\t\t\t\t<\/a>\n\t\t\t<\/div>\n\t\t\t\n\t\t\t\t\t\t<div class=\"elementor-icon-box-content\">\n\n\t\t\t\t\n\t\t\t\t\t\t\t\t\t<p class=\"elementor-icon-box-description\">\n\t\t\t\t\t\tLlamar\t\t\t\t\t<\/p>\n\t\t\t\t\n\t\t\t<\/div>\n\t\t\t\n\t\t<\/div>\n\t\t\t\t\t\t<\/div>\n\t\t\t\t<\/div>\n\t\t\t\t\t<\/div>\n\t\t<\/div>\n\t\t\t\t<div class=\"elementor-column elementor-col-50 elementor-top-column elementor-element elementor-element-0f737d7\" data-id=\"0f737d7\" data-element_type=\"column\" data-e-type=\"column\">\n\t\t\t<div class=\"elementor-widget-wrap elementor-element-populated\">\n\t\t\t\t\t\t<div class=\"elementor-element elementor-element-a230910 elementor-position-inline-start elementor-widget__width-initial elementor-view-default elementor-mobile-position-block-start elementor-widget elementor-widget-icon-box\" data-id=\"a230910\" data-element_type=\"widget\" data-e-type=\"widget\" data-widget_type=\"icon-box.default\">\n\t\t\t\t<div class=\"elementor-widget-container\">\n\t\t\t\t\t\t\t<div class=\"elementor-icon-box-wrapper\">\n\n\t\t\t\t\t\t<div class=\"elementor-icon-box-icon\">\n\t\t\t\t<a href=\"https:\/\/wa.me\/5511154119\" class=\"elementor-icon\" tabindex=\"-1\">\n\t\t\t\t<i aria-hidden=\"true\" class=\"fab fa-whatsapp\"><\/i>\t\t\t\t<\/a>\n\t\t\t<\/div>\n\t\t\t\n\t\t\t\t\t\t<div class=\"elementor-icon-box-content\">\n\n\t\t\t\t\n\t\t\t\t\t\t\t\t\t<p class=\"elementor-icon-box-description\">\n\t\t\t\t\t\tLlamar\t\t\t\t\t<\/p>\n\t\t\t\t\n\t\t\t<\/div>\n\t\t\t\n\t\t<\/div>\n\t\t\t\t\t\t<\/div>\n\t\t\t\t<\/div>\n\t\t\t\t\t<\/div>\n\t\t<\/div>\n\t\t\t\t\t<\/div>\n\t\t<\/section>\n\t\t\t\t<section class=\"elementor-section elementor-top-section elementor-element elementor-element-5c8f27f elementor-section-content-middle elementor-section-boxed elementor-section-height-default elementor-section-height-default\" data-id=\"5c8f27f\" data-element_type=\"section\" data-e-type=\"section\">\n\t\t\t\t\t\t<div class=\"elementor-container elementor-column-gap-default\">\n\t\t\t\t\t<div class=\"elementor-column elementor-col-100 elementor-top-column elementor-element elementor-element-7700999\" data-id=\"7700999\" data-element_type=\"column\" data-e-type=\"column\">\n\t\t\t<div class=\"elementor-widget-wrap elementor-element-populated\">\n\t\t\t\t\t\t<div class=\"elementor-element elementor-element-6fd57a8 elementor-position-inline-start elementor-widget__width-initial elementor-view-default elementor-mobile-position-block-start elementor-widget elementor-widget-icon-box\" data-id=\"6fd57a8\" data-element_type=\"widget\" data-e-type=\"widget\" data-widget_type=\"icon-box.default\">\n\t\t\t\t<div class=\"elementor-widget-container\">\n\t\t\t\t\t\t\t<div class=\"elementor-icon-box-wrapper\">\n\n\t\t\t\t\t\t<div class=\"elementor-icon-box-icon\">\n\t\t\t\t<a href=\"mailto:bicentenario@pingol.com.mx\" class=\"elementor-icon\" tabindex=\"-1\">\n\t\t\t\t<i aria-hidden=\"true\" class=\"fas fa-mail-bulk\"><\/i>\t\t\t\t<\/a>\n\t\t\t<\/div>\n\t\t\t\n\t\t\t\t\t\t<div class=\"elementor-icon-box-content\">\n\n\t\t\t\t\n\t\t\t\t\t\t\t\t\t<p class=\"elementor-icon-box-description\">\n\t\t\t\t\t\tbicentenario@pingol.com.mx\t\t\t\t\t<\/p>\n\t\t\t\t\n\t\t\t<\/div>\n\t\t\t\n\t\t<\/div>\n\t\t\t\t\t\t<\/div>\n\t\t\t\t<\/div>\n\t\t\t\t\t<\/div>\n\t\t<\/div>\n\t\t\t\t\t<\/div>\n\t\t<\/section>\n\t\t\t\t<section class=\"elementor-section elementor-top-section elementor-element elementor-element-fff14cd elementor-section-boxed elementor-section-height-default elementor-section-height-default\" data-id=\"fff14cd\" data-element_type=\"section\" data-e-type=\"section\">\n\t\t\t\t\t\t<div class=\"elementor-container elementor-column-gap-default\">\n\t\t\t\t\t<div class=\"elementor-column elementor-col-100 elementor-top-column elementor-element elementor-element-66d32ae\" data-id=\"66d32ae\" data-element_type=\"column\" data-e-type=\"column\">\n\t\t\t<div class=\"elementor-widget-wrap elementor-element-populated\">\n\t\t\t\t\t\t<div class=\"elementor-element elementor-element-20a9d97 elementor-align-center elementor-widget elementor-widget-button\" data-id=\"20a9d97\" data-element_type=\"widget\" data-e-type=\"widget\" data-widget_type=\"button.default\">\n\t\t\t\t<div class=\"elementor-widget-container\">\n\t\t\t\t\t\t\t\t\t<div class=\"elementor-button-wrapper\">\n\t\t\t\t\t<a class=\"elementor-button elementor-button-link elementor-size-sm\" href=\"https:\/\/maps.app.goo.gl\/uL7zxZqEqGjmA9qj9\">\n\t\t\t\t\t\t<span class=\"elementor-button-content-wrapper\">\n\t\t\t\t\t\t\t\t\t<span class=\"elementor-button-text\">Como llegar<\/span>\n\t\t\t\t\t<\/span>\n\t\t\t\t\t<\/a>\n\t\t\t\t<\/div>\n\t\t\t\t\t\t\t\t<\/div>\n\t\t\t\t<\/div>\n\t\t\t\t\t<\/div>\n\t\t<\/div>\n\t\t\t\t\t<\/div>\n\t\t<\/section>\n\t\t\t\t<section class=\"elementor-section elementor-top-section elementor-element elementor-element-23b755c elementor-section-boxed elementor-section-height-default elementor-section-height-default\" data-id=\"23b755c\" data-element_type=\"section\" data-e-type=\"section\">\n\t\t\t\t\t\t<div class=\"elementor-container elementor-column-gap-default\">\n\t\t\t\t\t<div class=\"elementor-column elementor-col-100 elementor-top-column elementor-element elementor-element-d4d6322\" data-id=\"d4d6322\" data-element_type=\"column\" data-e-type=\"column\">\n\t\t\t<div class=\"elementor-widget-wrap elementor-element-populated\">\n\t\t\t\t\t\t<div class=\"elementor-element elementor-element-3a836b9 elementor-widget-divider--view-line elementor-widget elementor-widget-divider\" data-id=\"3a836b9\" data-element_type=\"widget\" data-e-type=\"widget\" data-widget_type=\"divider.default\">\n\t\t\t\t<div class=\"elementor-widget-container\">\n\t\t\t\t\t\t\t<div class=\"elementor-divider\">\n\t\t\t<span class=\"elementor-divider-separator\">\n\t\t\t\t\t\t<\/span>\n\t\t<\/div>\n\t\t\t\t\t\t<\/div>\n\t\t\t\t<\/div>\n\t\t\t\t\t<\/div>\n\t\t<\/div>\n\t\t\t\t\t<\/div>\n\t\t<\/section>\n\t\t\t\t<section class=\"elementor-section elementor-top-section elementor-element elementor-element-b9d524f elementor-section-boxed elementor-section-height-default elementor-section-height-default\" data-id=\"b9d524f\" data-element_type=\"section\" data-e-type=\"section\" data-settings=\"{&quot;background_background&quot;:&quot;classic&quot;}\">\n\t\t\t\t\t\t<div class=\"elementor-container elementor-column-gap-default\">\n\t\t\t\t\t<div class=\"elementor-column elementor-col-100 elementor-top-column elementor-element elementor-element-695e6a1\" data-id=\"695e6a1\" data-element_type=\"column\" data-e-type=\"column\">\n\t\t\t<div class=\"elementor-widget-wrap elementor-element-populated\">\n\t\t\t\t\t\t<div class=\"elementor-element elementor-element-9bf35c9 elementor-widget elementor-widget-text-editor\" data-id=\"9bf35c9\" data-element_type=\"widget\" data-e-type=\"widget\" data-widget_type=\"text-editor.default\">\n\t\t\t\t<div class=\"elementor-widget-container\">\n\t\t\t\t\t\t\t\t\t<p>Lorem ipsum dolor sit amet, consectetur adipiscing elit. Ut elit tellus, luctus nec ullamcorper mattis, pulvinar dapibus leo.<\/p>\t\t\t\t\t\t\t\t<\/div>\n\t\t\t\t<\/div>\n\t\t\t\t\t<\/div>\n\t\t<\/div>\n\t\t\t\t\t<\/div>\n\t\t<\/section>\n\t\t\t\t<\/div>\n\t\t","protected":false},"excerpt":{"rendered":"<p>Comex Bicentenario Av. Revoluci\u00f3n 56, San Crist\u00f3bal Centro, 55000 Ecatepec de Morelos, M\u00e9x. +52 5511154119 Llamar Llamar bicentenario@pingol.com.mx Como llegar Lorem fistrum por la gloria de mi madre esse jarl aliqua llevame al sircoo. De la pradera ullamco qu\u00e9 dise usteer est\u00e1 la cosa muy malar.<\/p>\n","protected":false},"author":1,"featured_media":0,"parent":0,"menu_order":0,"comment_status":"closed","ping_status":"closed","template":"","meta":{"footnotes":""},"class_list":["post-1947","page","type-page","status-publish","hentry"],"yoast_head":"<!-- This site is optimized with the Yoast SEO plugin v27.5 - https:\/\/yoast.com\/product\/yoast-seo-wordpress\/ -->\n<title>ECATEPEC - Pingol<\/title>\n<meta name=\"robots\" content=\"index, follow, max-snippet:-1, max-image-preview:large, max-video-preview:-1\" \/>\n<link rel=\"canonical\" href=\"https:\/\/pingol.com.mx\/index.php\/ecatepec\/\" \/>\n<meta property=\"og:locale\" content=\"es_ES\" \/>\n<meta property=\"og:type\" content=\"article\" \/>\n<meta property=\"og:title\" content=\"ECATEPEC - Pingol\" \/>\n<meta property=\"og:description\" content=\"Comex Bicentenario Av. Revoluci\u00f3n 56, San Crist\u00f3bal Centro, 55000 Ecatepec de Morelos, M\u00e9x. +52 5511154119 Llamar Llamar bicentenario@pingol.com.mx Como llegar Lorem fistrum por la gloria de mi madre esse jarl aliqua llevame al sircoo. De la pradera ullamco qu\u00e9 dise usteer est\u00e1 la cosa muy malar.\" \/>\n<meta property=\"og:url\" content=\"https:\/\/pingol.com.mx\/index.php\/ecatepec\/\" \/>\n<meta property=\"og:site_name\" content=\"Pingol\" \/>\n<meta property=\"article:modified_time\" content=\"2025-01-30T22:45:53+00:00\" \/>\n<meta property=\"og:image\" content=\"https:\/\/pingol.com.mx\/wp-content\/uploads\/2025\/01\/Zona-6-scaled.webp\" \/>\n\t<meta property=\"og:image:width\" content=\"2560\" \/>\n\t<meta property=\"og:image:height\" content=\"754\" \/>\n\t<meta property=\"og:image:type\" content=\"image\/webp\" \/>\n<meta name=\"twitter:card\" content=\"summary_large_image\" \/>\n<meta name=\"twitter:label1\" content=\"Tiempo de lectura\" \/>\n\t<meta name=\"twitter:data1\" content=\"1 minuto\" \/>\n<script type=\"application\/ld+json\" class=\"yoast-schema-graph\">{\"@context\":\"https:\\\/\\\/schema.org\",\"@graph\":[{\"@type\":\"WebPage\",\"@id\":\"https:\\\/\\\/pingol.com.mx\\\/index.php\\\/ecatepec\\\/\",\"url\":\"https:\\\/\\\/pingol.com.mx\\\/index.php\\\/ecatepec\\\/\",\"name\":\"ECATEPEC - Pingol\",\"isPartOf\":{\"@id\":\"https:\\\/\\\/pingol.com.mx\\\/#website\"},\"primaryImageOfPage\":{\"@id\":\"https:\\\/\\\/pingol.com.mx\\\/index.php\\\/ecatepec\\\/#primaryimage\"},\"image\":{\"@id\":\"https:\\\/\\\/pingol.com.mx\\\/index.php\\\/ecatepec\\\/#primaryimage\"},\"thumbnailUrl\":\"https:\\\/\\\/pingol.com.mx\\\/wp-content\\\/uploads\\\/2025\\\/01\\\/Zona-6-scaled.webp\",\"datePublished\":\"2025-01-22T23:05:05+00:00\",\"dateModified\":\"2025-01-30T22:45:53+00:00\",\"breadcrumb\":{\"@id\":\"https:\\\/\\\/pingol.com.mx\\\/index.php\\\/ecatepec\\\/#breadcrumb\"},\"inLanguage\":\"es\",\"potentialAction\":[{\"@type\":\"ReadAction\",\"target\":[\"https:\\\/\\\/pingol.com.mx\\\/index.php\\\/ecatepec\\\/\"]}]},{\"@type\":\"ImageObject\",\"inLanguage\":\"es\",\"@id\":\"https:\\\/\\\/pingol.com.mx\\\/index.php\\\/ecatepec\\\/#primaryimage\",\"url\":\"https:\\\/\\\/pingol.com.mx\\\/wp-content\\\/uploads\\\/2025\\\/01\\\/Zona-6-scaled.webp\",\"contentUrl\":\"https:\\\/\\\/pingol.com.mx\\\/wp-content\\\/uploads\\\/2025\\\/01\\\/Zona-6-scaled.webp\",\"width\":2560,\"height\":754},{\"@type\":\"BreadcrumbList\",\"@id\":\"https:\\\/\\\/pingol.com.mx\\\/index.php\\\/ecatepec\\\/#breadcrumb\",\"itemListElement\":[{\"@type\":\"ListItem\",\"position\":1,\"name\":\"Portada\",\"item\":\"https:\\\/\\\/pingol.com.mx\\\/\"},{\"@type\":\"ListItem\",\"position\":2,\"name\":\"ECATEPEC\"}]},{\"@type\":\"WebSite\",\"@id\":\"https:\\\/\\\/pingol.com.mx\\\/#website\",\"url\":\"https:\\\/\\\/pingol.com.mx\\\/\",\"name\":\"Pingol\",\"description\":\"Descubre Comex Pingol, tiendas de pintura en Tulancingo, Tula, Veracruz, Tizayuca, Estado de M\u00e9xico, Ciudad de M\u00e9xico, Ciudad Valles, Poza Rica y Norte de Puebla. Ofrecemos una amplia gama de colores y acabados de alta calidad para dar vida a tus espacios. \u00a1Explora nuestra colecci\u00f3n y transforma tu hogar hoy mismo! Meta\",\"publisher\":{\"@id\":\"https:\\\/\\\/pingol.com.mx\\\/#organization\"},\"alternateName\":\"Pinturas Pingol\",\"potentialAction\":[{\"@type\":\"SearchAction\",\"target\":{\"@type\":\"EntryPoint\",\"urlTemplate\":\"https:\\\/\\\/pingol.com.mx\\\/?s={search_term_string}\"},\"query-input\":{\"@type\":\"PropertyValueSpecification\",\"valueRequired\":true,\"valueName\":\"search_term_string\"}}],\"inLanguage\":\"es\"},{\"@type\":\"Organization\",\"@id\":\"https:\\\/\\\/pingol.com.mx\\\/#organization\",\"name\":\"Pingol\",\"url\":\"https:\\\/\\\/pingol.com.mx\\\/\",\"logo\":{\"@type\":\"ImageObject\",\"inLanguage\":\"es\",\"@id\":\"https:\\\/\\\/pingol.com.mx\\\/#\\\/schema\\\/logo\\\/image\\\/\",\"url\":\"https:\\\/\\\/pingol.com.mx\\\/wp-content\\\/uploads\\\/2023\\\/03\\\/cropped-Diseno-sin-titulo-3.png\",\"contentUrl\":\"https:\\\/\\\/pingol.com.mx\\\/wp-content\\\/uploads\\\/2023\\\/03\\\/cropped-Diseno-sin-titulo-3.png\",\"width\":196,\"height\":100,\"caption\":\"Pingol\"},\"image\":{\"@id\":\"https:\\\/\\\/pingol.com.mx\\\/#\\\/schema\\\/logo\\\/image\\\/\"},\"sameAs\":[\"https:\\\/\\\/www.tiktok.com\\\/@tiendascomexgruporoma\"]}]}<\/script>\n<!-- \/ Yoast SEO plugin. -->","yoast_head_json":{"title":"ECATEPEC - Pingol","robots":{"index":"index","follow":"follow","max-snippet":"max-snippet:-1","max-image-preview":"max-image-preview:large","max-video-preview":"max-video-preview:-1"},"canonical":"https:\/\/pingol.com.mx\/index.php\/ecatepec\/","og_locale":"es_ES","og_type":"article","og_title":"ECATEPEC - Pingol","og_description":"Comex Bicentenario Av. Revoluci\u00f3n 56, San Crist\u00f3bal Centro, 55000 Ecatepec de Morelos, M\u00e9x. +52 5511154119 Llamar Llamar bicentenario@pingol.com.mx Como llegar Lorem fistrum por la gloria de mi madre esse jarl aliqua llevame al sircoo. De la pradera ullamco qu\u00e9 dise usteer est\u00e1 la cosa muy malar.","og_url":"https:\/\/pingol.com.mx\/index.php\/ecatepec\/","og_site_name":"Pingol","article_modified_time":"2025-01-30T22:45:53+00:00","og_image":[{"width":2560,"height":754,"url":"https:\/\/pingol.com.mx\/wp-content\/uploads\/2025\/01\/Zona-6-scaled.webp","type":"image\/webp"}],"twitter_card":"summary_large_image","twitter_misc":{"Tiempo de lectura":"1 minuto"},"schema":{"@context":"https:\/\/schema.org","@graph":[{"@type":"WebPage","@id":"https:\/\/pingol.com.mx\/index.php\/ecatepec\/","url":"https:\/\/pingol.com.mx\/index.php\/ecatepec\/","name":"ECATEPEC - Pingol","isPartOf":{"@id":"https:\/\/pingol.com.mx\/#website"},"primaryImageOfPage":{"@id":"https:\/\/pingol.com.mx\/index.php\/ecatepec\/#primaryimage"},"image":{"@id":"https:\/\/pingol.com.mx\/index.php\/ecatepec\/#primaryimage"},"thumbnailUrl":"https:\/\/pingol.com.mx\/wp-content\/uploads\/2025\/01\/Zona-6-scaled.webp","datePublished":"2025-01-22T23:05:05+00:00","dateModified":"2025-01-30T22:45:53+00:00","breadcrumb":{"@id":"https:\/\/pingol.com.mx\/index.php\/ecatepec\/#breadcrumb"},"inLanguage":"es","potentialAction":[{"@type":"ReadAction","target":["https:\/\/pingol.com.mx\/index.php\/ecatepec\/"]}]},{"@type":"ImageObject","inLanguage":"es","@id":"https:\/\/pingol.com.mx\/index.php\/ecatepec\/#primaryimage","url":"https:\/\/pingol.com.mx\/wp-content\/uploads\/2025\/01\/Zona-6-scaled.webp","contentUrl":"https:\/\/pingol.com.mx\/wp-content\/uploads\/2025\/01\/Zona-6-scaled.webp","width":2560,"height":754},{"@type":"BreadcrumbList","@id":"https:\/\/pingol.com.mx\/index.php\/ecatepec\/#breadcrumb","itemListElement":[{"@type":"ListItem","position":1,"name":"Portada","item":"https:\/\/pingol.com.mx\/"},{"@type":"ListItem","position":2,"name":"ECATEPEC"}]},{"@type":"WebSite","@id":"https:\/\/pingol.com.mx\/#website","url":"https:\/\/pingol.com.mx\/","name":"Pingol","description":"Descubre Comex Pingol, tiendas de pintura en Tulancingo, Tula, Veracruz, Tizayuca, Estado de M\u00e9xico, Ciudad de M\u00e9xico, Ciudad Valles, Poza Rica y Norte de Puebla. Ofrecemos una amplia gama de colores y acabados de alta calidad para dar vida a tus espacios. \u00a1Explora nuestra colecci\u00f3n y transforma tu hogar hoy mismo! Meta","publisher":{"@id":"https:\/\/pingol.com.mx\/#organization"},"alternateName":"Pinturas Pingol","potentialAction":[{"@type":"SearchAction","target":{"@type":"EntryPoint","urlTemplate":"https:\/\/pingol.com.mx\/?s={search_term_string}"},"query-input":{"@type":"PropertyValueSpecification","valueRequired":true,"valueName":"search_term_string"}}],"inLanguage":"es"},{"@type":"Organization","@id":"https:\/\/pingol.com.mx\/#organization","name":"Pingol","url":"https:\/\/pingol.com.mx\/","logo":{"@type":"ImageObject","inLanguage":"es","@id":"https:\/\/pingol.com.mx\/#\/schema\/logo\/image\/","url":"https:\/\/pingol.com.mx\/wp-content\/uploads\/2023\/03\/cropped-Diseno-sin-titulo-3.png","contentUrl":"https:\/\/pingol.com.mx\/wp-content\/uploads\/2023\/03\/cropped-Diseno-sin-titulo-3.png","width":196,"height":100,"caption":"Pingol"},"image":{"@id":"https:\/\/pingol.com.mx\/#\/schema\/logo\/image\/"},"sameAs":["https:\/\/www.tiktok.com\/@tiendascomexgruporoma"]}]}},"_links":{"self":[{"href":"https:\/\/pingol.com.mx\/index.php\/wp-json\/wp\/v2\/pages\/1947","targetHints":{"allow":["GET"]}}],"collection":[{"href":"https:\/\/pingol.com.mx\/index.php\/wp-json\/wp\/v2\/pages"}],"about":[{"href":"https:\/\/pingol.com.mx\/index.php\/wp-json\/wp\/v2\/types\/page"}],"author":[{"embeddable":true,"href":"https:\/\/pingol.com.mx\/index.php\/wp-json\/wp\/v2\/users\/1"}],"replies":[{"embeddable":true,"href":"https:\/\/pingol.com.mx\/index.php\/wp-json\/wp\/v2\/comments?post=1947"}],"version-history":[{"count":16,"href":"https:\/\/pingol.com.mx\/index.php\/wp-json\/wp\/v2\/pages\/1947\/revisions"}],"predecessor-version":[{"id":2519,"href":"https:\/\/pingol.com.mx\/index.php\/wp-json\/wp\/v2\/pages\/1947\/revisions\/2519"}],"wp:attachment":[{"href":"https:\/\/pingol.com.mx\/index.php\/wp-json\/wp\/v2\/media?parent=1947"}],"curies":[{"name":"wp","href":"https:\/\/api.w.org\/{rel}","templated":true}]}}