{"id":2135,"date":"2025-01-27T15:07:22","date_gmt":"2025-01-27T15:07:22","guid":{"rendered":"https:\/\/pingol.com.mx\/?page_id=2135"},"modified":"2025-01-30T19:03:59","modified_gmt":"2025-01-30T19:03:59","slug":"productos-2","status":"publish","type":"page","link":"https:\/\/pingol.com.mx\/index.php\/productos-2\/","title":{"rendered":"PRODUCTOS"},"content":{"rendered":"\t\t<div data-elementor-type=\"wp-page\" data-elementor-id=\"2135\" class=\"elementor elementor-2135\" data-elementor-post-type=\"page\">\n\t\t\t\t\t\t<section class=\"elementor-section elementor-top-section elementor-element elementor-element-35a8007 elementor-section-full_width elementor-section-height-default elementor-section-height-default\" data-id=\"35a8007\" data-element_type=\"section\" data-e-type=\"section\">\n\t\t\t\t\t\t<div class=\"elementor-container elementor-column-gap-default\">\n\t\t\t\t\t<div class=\"elementor-column elementor-col-100 elementor-top-column elementor-element elementor-element-ae3ed28\" data-id=\"ae3ed28\" data-element_type=\"column\" data-e-type=\"column\">\n\t\t\t<div class=\"elementor-widget-wrap elementor-element-populated\">\n\t\t\t\t\t\t<div class=\"elementor-element elementor-element-a27e1af elementor-widget elementor-widget-image\" data-id=\"a27e1af\" data-element_type=\"widget\" data-e-type=\"widget\" data-widget_type=\"image.default\">\n\t\t\t\t<div class=\"elementor-widget-container\">\n\t\t\t\t\t\t\t\t\t\t\t\t\t\t\t<img fetchpriority=\"high\" decoding=\"async\" width=\"2560\" height=\"754\" src=\"https:\/\/pingol.com.mx\/wp-content\/uploads\/2025\/01\/Productos-pingol-scaled.webp\" class=\"attachment-full size-full wp-image-1864\" alt=\"\" srcset=\"https:\/\/pingol.com.mx\/wp-content\/uploads\/2025\/01\/Productos-pingol-scaled.webp 2560w, https:\/\/pingol.com.mx\/wp-content\/uploads\/2025\/01\/Productos-pingol-300x88.webp 300w, https:\/\/pingol.com.mx\/wp-content\/uploads\/2025\/01\/Productos-pingol-1024x302.webp 1024w, https:\/\/pingol.com.mx\/wp-content\/uploads\/2025\/01\/Productos-pingol-768x226.webp 768w, https:\/\/pingol.com.mx\/wp-content\/uploads\/2025\/01\/Productos-pingol-1536x453.webp 1536w, https:\/\/pingol.com.mx\/wp-content\/uploads\/2025\/01\/Productos-pingol-2048x603.webp 2048w\" sizes=\"(max-width: 2560px) 100vw, 2560px\" \/>\t\t\t\t\t\t\t\t\t\t\t\t\t\t\t<\/div>\n\t\t\t\t<\/div>\n\t\t\t\t\t<\/div>\n\t\t<\/div>\n\t\t\t\t\t<\/div>\n\t\t<\/section>\n\t\t\t\t<section class=\"elementor-section elementor-top-section elementor-element elementor-element-10b9eb1 elementor-section-boxed elementor-section-height-default elementor-section-height-default\" data-id=\"10b9eb1\" data-element_type=\"section\" data-e-type=\"section\" data-settings=\"{&quot;background_background&quot;:&quot;classic&quot;}\">\n\t\t\t\t\t\t<div class=\"elementor-container elementor-column-gap-default\">\n\t\t\t\t\t<div class=\"elementor-column elementor-col-100 elementor-top-column elementor-element elementor-element-6bb5647\" data-id=\"6bb5647\" data-element_type=\"column\" data-e-type=\"column\">\n\t\t\t<div class=\"elementor-widget-wrap elementor-element-populated\">\n\t\t\t\t\t\t<div class=\"elementor-element elementor-element-ad08365 elementor-widget elementor-widget-text-editor\" data-id=\"ad08365\" data-element_type=\"widget\" data-e-type=\"widget\" data-widget_type=\"text-editor.default\">\n\t\t\t\t<div class=\"elementor-widget-container\">\n\t\t\t\t\t\t\t\t\t<p>Realiza tu compra en l\u00ednea:<\/p>\t\t\t\t\t\t\t\t<\/div>\n\t\t\t\t<\/div>\n\t\t\t\t\t<\/div>\n\t\t<\/div>\n\t\t\t\t\t<\/div>\n\t\t<\/section>\n\t\t\t\t<section class=\"elementor-section elementor-top-section elementor-element elementor-element-35e68a5 elementor-section-boxed elementor-section-height-default elementor-section-height-default\" data-id=\"35e68a5\" data-element_type=\"section\" data-e-type=\"section\">\n\t\t\t\t\t\t<div class=\"elementor-container elementor-column-gap-default\">\n\t\t\t\t\t<div class=\"elementor-column elementor-col-100 elementor-top-column elementor-element elementor-element-f19d120\" data-id=\"f19d120\" data-element_type=\"column\" data-e-type=\"column\">\n\t\t\t<div class=\"elementor-widget-wrap elementor-element-populated\">\n\t\t\t\t\t\t<div class=\"elementor-element elementor-element-a1d1156 elementor-widget elementor-widget-text-editor\" data-id=\"a1d1156\" data-element_type=\"widget\" data-e-type=\"widget\" data-widget_type=\"text-editor.default\">\n\t\t\t\t<div class=\"elementor-widget-container\">\n\t\t\t\t\t\t\t\t\t<p><span style=\"color: #0e73ba; font-weight: 600; background-color: #fcfcfc;\">1. Inicia sesi\u00f3n o crea una cuenta.<\/span><br style=\"-webkit-font-smoothing: antialiased; color: #0e73ba; font-weight: 600; background-color: #fcfcfc;\" \/><span style=\"color: #0e73ba; font-weight: 600; background-color: #fcfcfc;\">2. Una vez creada la cuenta, elige el producto que deseas.<\/span><br style=\"-webkit-font-smoothing: antialiased; color: #0e73ba; font-weight: 600; background-color: #fcfcfc;\" \/><span style=\"color: #0e73ba; font-weight: 600; background-color: #fcfcfc;\">3. Agrega el producto al carrito.<\/span><br style=\"-webkit-font-smoothing: antialiased; color: #0e73ba; font-weight: 600; background-color: #fcfcfc;\" \/><span style=\"color: #0e73ba; font-weight: 600; background-color: #fcfcfc;\">4. Busca tu direcci\u00f3n.<\/span><br style=\"-webkit-font-smoothing: antialiased; color: #0e73ba; font-weight: 600; background-color: #fcfcfc;\" \/><span style=\"color: #0e73ba; font-weight: 600; background-color: #fcfcfc;\">5. Selecciona el color y rellena los campos.<\/span><br style=\"-webkit-font-smoothing: antialiased; color: #0e73ba; font-weight: 600; background-color: #fcfcfc;\" \/><span style=\"color: #0e73ba; font-weight: 600; background-color: #fcfcfc;\">6. Tu producto aparecer\u00e1 en el carrito, selecciona el bot\u00f3n comprar.<\/span><br style=\"-webkit-font-smoothing: antialiased; color: #0e73ba; font-weight: 600; background-color: #fcfcfc;\" \/><span style=\"color: #0e73ba; font-weight: 600; background-color: #fcfcfc;\">7. Si no ingresaste con tu usuario realiza tu compra como invitado.<\/span><br style=\"-webkit-font-smoothing: antialiased; color: #0e73ba; font-weight: 600; background-color: #fcfcfc;\" \/><span style=\"color: #0e73ba; font-weight: 600; background-color: #fcfcfc;\">8. Elige tu m\u00e9todo de pago.<\/span><\/p>\t\t\t\t\t\t\t\t<\/div>\n\t\t\t\t<\/div>\n\t\t\t\t\t<\/div>\n\t\t<\/div>\n\t\t\t\t\t<\/div>\n\t\t<\/section>\n\t\t\t\t<section class=\"elementor-section elementor-top-section elementor-element elementor-element-99971bb elementor-section-boxed elementor-section-height-default elementor-section-height-default\" data-id=\"99971bb\" data-element_type=\"section\" data-e-type=\"section\">\n\t\t\t\t\t\t<div class=\"elementor-container elementor-column-gap-default\">\n\t\t\t\t\t<div class=\"elementor-column elementor-col-100 elementor-top-column elementor-element elementor-element-87fea57\" data-id=\"87fea57\" data-element_type=\"column\" data-e-type=\"column\">\n\t\t\t<div class=\"elementor-widget-wrap elementor-element-populated\">\n\t\t\t\t\t\t<div class=\"elementor-element elementor-element-8e5fd45 elementor-widget elementor-widget-text-editor\" data-id=\"8e5fd45\" data-element_type=\"widget\" data-e-type=\"widget\" data-widget_type=\"text-editor.default\">\n\t\t\t\t<div class=\"elementor-widget-container\">\n\t\t\t\t\t\t\t\t\t<p><a style=\"-webkit-font-smoothing: antialiased; margin: 0px; padding: 0px; border: 0px; font-variant-numeric: inherit; font-variant-east-asian: inherit; font-variant-alternates: inherit; font-variant-position: inherit; font-variant-emoji: inherit; font-stretch: inherit; line-height: inherit; font-optical-sizing: inherit; font-size-adjust: inherit; font-kerning: inherit; font-feature-settings: inherit; font-variation-settings: inherit; vertical-align: baseline; outline: 0px; color: #000000; background-color: #fcfcfc;\" href=\"https:\/\/www.comex.com.mx\/vinilicas\/productos\">Secci\u00f3n tomada del Cat\u00e1logo oficial de Comex:<strong>\u00a0https:\/\/www.comex.com.mx\/vinilicas\/productos<\/strong><\/a><\/p>\t\t\t\t\t\t\t\t<\/div>\n\t\t\t\t<\/div>\n\t\t\t\t\t<\/div>\n\t\t<\/div>\n\t\t\t\t\t<\/div>\n\t\t<\/section>\n\t\t\t\t<section class=\"elementor-section elementor-top-section elementor-element elementor-element-be3c1c5 elementor-section-boxed elementor-section-height-default elementor-section-height-default\" data-id=\"be3c1c5\" data-element_type=\"section\" data-e-type=\"section\">\n\t\t\t\t\t\t<div class=\"elementor-container elementor-column-gap-default\">\n\t\t\t\t\t<div class=\"elementor-column elementor-col-100 elementor-top-column elementor-element elementor-element-3964713\" data-id=\"3964713\" data-element_type=\"column\" data-e-type=\"column\">\n\t\t\t<div class=\"elementor-widget-wrap elementor-element-populated\">\n\t\t\t\t\t\t<div class=\"elementor-element elementor-element-12eb166 elementor-widget elementor-widget-shortcode\" data-id=\"12eb166\" data-element_type=\"widget\" data-e-type=\"widget\" data-widget_type=\"shortcode.default\">\n\t\t\t\t<div class=\"elementor-widget-container\">\n\t\t\t\t\t\t\t<div class=\"elementor-shortcode\"><iframe src=\"https:\/\/www.comex.com.mx\/\/pagina-a-incrustar.html\" width=\"100%\" height=\"800\"><\/iframe><\/div>\n\t\t\t\t\t\t<\/div>\n\t\t\t\t<\/div>\n\t\t\t\t\t<\/div>\n\t\t<\/div>\n\t\t\t\t\t<\/div>\n\t\t<\/section>\n\t\t\t\t<section class=\"elementor-section elementor-top-section elementor-element elementor-element-1c93dc0 elementor-section-boxed elementor-section-height-default elementor-section-height-default\" data-id=\"1c93dc0\" data-element_type=\"section\" data-e-type=\"section\" data-settings=\"{&quot;background_background&quot;:&quot;classic&quot;}\">\n\t\t\t\t\t\t<div class=\"elementor-container elementor-column-gap-default\">\n\t\t\t\t\t<div class=\"elementor-column elementor-col-100 elementor-top-column elementor-element elementor-element-1276db0\" data-id=\"1276db0\" data-element_type=\"column\" data-e-type=\"column\">\n\t\t\t<div class=\"elementor-widget-wrap elementor-element-populated\">\n\t\t\t\t\t\t<div class=\"elementor-element elementor-element-aa9affd elementor-widget elementor-widget-text-editor\" data-id=\"aa9affd\" data-element_type=\"widget\" data-e-type=\"widget\" data-widget_type=\"text-editor.default\">\n\t\t\t\t<div class=\"elementor-widget-container\">\n\t\t\t\t\t\t\t\t\t<p>\u00a0\u00a0<\/p>\t\t\t\t\t\t\t\t<\/div>\n\t\t\t\t<\/div>\n\t\t\t\t\t<\/div>\n\t\t<\/div>\n\t\t\t\t\t<\/div>\n\t\t<\/section>\n\t\t\t\t<\/div>\n\t\t","protected":false},"excerpt":{"rendered":"<p>Realiza tu compra en l\u00ednea: 1. Inicia sesi\u00f3n o crea una cuenta.2. Una vez creada la cuenta, elige el producto que deseas.3. Agrega el producto al carrito.4. Busca tu direcci\u00f3n.5. Selecciona el color y rellena los campos.6. Tu producto aparecer\u00e1 en el carrito, selecciona el bot\u00f3n comprar.7. Si no ingresaste con tu usuario realiza tu [&hellip;]<\/p>\n","protected":false},"author":1,"featured_media":0,"parent":0,"menu_order":0,"comment_status":"closed","ping_status":"closed","template":"","meta":{"footnotes":""},"class_list":["post-2135","page","type-page","status-publish","hentry"],"yoast_head":"<!-- This site is optimized with the Yoast SEO plugin v27.5 - https:\/\/yoast.com\/product\/yoast-seo-wordpress\/ -->\n<title>PRODUCTOS - Pingol<\/title>\n<meta name=\"robots\" content=\"index, follow, max-snippet:-1, max-image-preview:large, max-video-preview:-1\" \/>\n<link rel=\"canonical\" href=\"https:\/\/pingol.com.mx\/index.php\/productos-2\/\" \/>\n<meta property=\"og:locale\" content=\"es_ES\" \/>\n<meta property=\"og:type\" content=\"article\" \/>\n<meta property=\"og:title\" content=\"PRODUCTOS - Pingol\" \/>\n<meta property=\"og:description\" content=\"Realiza tu compra en l\u00ednea: 1. Inicia sesi\u00f3n o crea una cuenta.2. Una vez creada la cuenta, elige el producto que deseas.3. Agrega el producto al carrito.4. Busca tu direcci\u00f3n.5. Selecciona el color y rellena los campos.6. Tu producto aparecer\u00e1 en el carrito, selecciona el bot\u00f3n comprar.7. Si no ingresaste con tu usuario realiza tu [&hellip;]\" \/>\n<meta property=\"og:url\" content=\"https:\/\/pingol.com.mx\/index.php\/productos-2\/\" \/>\n<meta property=\"og:site_name\" content=\"Pingol\" \/>\n<meta property=\"article:modified_time\" content=\"2025-01-30T19:03:59+00:00\" \/>\n<meta property=\"og:image\" content=\"https:\/\/pingol.com.mx\/wp-content\/uploads\/2025\/01\/Productos-pingol-scaled.webp\" \/>\n\t<meta property=\"og:image:width\" content=\"2560\" \/>\n\t<meta property=\"og:image:height\" content=\"754\" \/>\n\t<meta property=\"og:image:type\" content=\"image\/webp\" \/>\n<meta name=\"twitter:card\" content=\"summary_large_image\" \/>\n<meta name=\"twitter:label1\" content=\"Tiempo de lectura\" \/>\n\t<meta name=\"twitter:data1\" content=\"1 minuto\" \/>\n<script type=\"application\/ld+json\" class=\"yoast-schema-graph\">{\"@context\":\"https:\\\/\\\/schema.org\",\"@graph\":[{\"@type\":\"WebPage\",\"@id\":\"https:\\\/\\\/pingol.com.mx\\\/index.php\\\/productos-2\\\/\",\"url\":\"https:\\\/\\\/pingol.com.mx\\\/index.php\\\/productos-2\\\/\",\"name\":\"PRODUCTOS - Pingol\",\"isPartOf\":{\"@id\":\"https:\\\/\\\/pingol.com.mx\\\/#website\"},\"primaryImageOfPage\":{\"@id\":\"https:\\\/\\\/pingol.com.mx\\\/index.php\\\/productos-2\\\/#primaryimage\"},\"image\":{\"@id\":\"https:\\\/\\\/pingol.com.mx\\\/index.php\\\/productos-2\\\/#primaryimage\"},\"thumbnailUrl\":\"https:\\\/\\\/pingol.com.mx\\\/wp-content\\\/uploads\\\/2025\\\/01\\\/Productos-pingol-scaled.webp\",\"datePublished\":\"2025-01-27T15:07:22+00:00\",\"dateModified\":\"2025-01-30T19:03:59+00:00\",\"breadcrumb\":{\"@id\":\"https:\\\/\\\/pingol.com.mx\\\/index.php\\\/productos-2\\\/#breadcrumb\"},\"inLanguage\":\"es\",\"potentialAction\":[{\"@type\":\"ReadAction\",\"target\":[\"https:\\\/\\\/pingol.com.mx\\\/index.php\\\/productos-2\\\/\"]}]},{\"@type\":\"ImageObject\",\"inLanguage\":\"es\",\"@id\":\"https:\\\/\\\/pingol.com.mx\\\/index.php\\\/productos-2\\\/#primaryimage\",\"url\":\"https:\\\/\\\/pingol.com.mx\\\/wp-content\\\/uploads\\\/2025\\\/01\\\/Productos-pingol-scaled.webp\",\"contentUrl\":\"https:\\\/\\\/pingol.com.mx\\\/wp-content\\\/uploads\\\/2025\\\/01\\\/Productos-pingol-scaled.webp\",\"width\":2560,\"height\":754},{\"@type\":\"BreadcrumbList\",\"@id\":\"https:\\\/\\\/pingol.com.mx\\\/index.php\\\/productos-2\\\/#breadcrumb\",\"itemListElement\":[{\"@type\":\"ListItem\",\"position\":1,\"name\":\"Portada\",\"item\":\"https:\\\/\\\/pingol.com.mx\\\/\"},{\"@type\":\"ListItem\",\"position\":2,\"name\":\"PRODUCTOS\"}]},{\"@type\":\"WebSite\",\"@id\":\"https:\\\/\\\/pingol.com.mx\\\/#website\",\"url\":\"https:\\\/\\\/pingol.com.mx\\\/\",\"name\":\"Pingol\",\"description\":\"Descubre Comex Pingol, tiendas de pintura en Tulancingo, Tula, Veracruz, Tizayuca, Estado de M\u00e9xico, Ciudad de M\u00e9xico, Ciudad Valles, Poza Rica y Norte de Puebla. Ofrecemos una amplia gama de colores y acabados de alta calidad para dar vida a tus espacios. \u00a1Explora nuestra colecci\u00f3n y transforma tu hogar hoy mismo! Meta\",\"publisher\":{\"@id\":\"https:\\\/\\\/pingol.com.mx\\\/#organization\"},\"alternateName\":\"Pinturas Pingol\",\"potentialAction\":[{\"@type\":\"SearchAction\",\"target\":{\"@type\":\"EntryPoint\",\"urlTemplate\":\"https:\\\/\\\/pingol.com.mx\\\/?s={search_term_string}\"},\"query-input\":{\"@type\":\"PropertyValueSpecification\",\"valueRequired\":true,\"valueName\":\"search_term_string\"}}],\"inLanguage\":\"es\"},{\"@type\":\"Organization\",\"@id\":\"https:\\\/\\\/pingol.com.mx\\\/#organization\",\"name\":\"Pingol\",\"url\":\"https:\\\/\\\/pingol.com.mx\\\/\",\"logo\":{\"@type\":\"ImageObject\",\"inLanguage\":\"es\",\"@id\":\"https:\\\/\\\/pingol.com.mx\\\/#\\\/schema\\\/logo\\\/image\\\/\",\"url\":\"https:\\\/\\\/pingol.com.mx\\\/wp-content\\\/uploads\\\/2023\\\/03\\\/cropped-Diseno-sin-titulo-3.png\",\"contentUrl\":\"https:\\\/\\\/pingol.com.mx\\\/wp-content\\\/uploads\\\/2023\\\/03\\\/cropped-Diseno-sin-titulo-3.png\",\"width\":196,\"height\":100,\"caption\":\"Pingol\"},\"image\":{\"@id\":\"https:\\\/\\\/pingol.com.mx\\\/#\\\/schema\\\/logo\\\/image\\\/\"},\"sameAs\":[\"https:\\\/\\\/www.tiktok.com\\\/@tiendascomexgruporoma\"]}]}<\/script>\n<!-- \/ Yoast SEO plugin. -->","yoast_head_json":{"title":"PRODUCTOS - Pingol","robots":{"index":"index","follow":"follow","max-snippet":"max-snippet:-1","max-image-preview":"max-image-preview:large","max-video-preview":"max-video-preview:-1"},"canonical":"https:\/\/pingol.com.mx\/index.php\/productos-2\/","og_locale":"es_ES","og_type":"article","og_title":"PRODUCTOS - Pingol","og_description":"Realiza tu compra en l\u00ednea: 1. Inicia sesi\u00f3n o crea una cuenta.2. Una vez creada la cuenta, elige el producto que deseas.3. Agrega el producto al carrito.4. Busca tu direcci\u00f3n.5. Selecciona el color y rellena los campos.6. Tu producto aparecer\u00e1 en el carrito, selecciona el bot\u00f3n comprar.7. Si no ingresaste con tu usuario realiza tu [&hellip;]","og_url":"https:\/\/pingol.com.mx\/index.php\/productos-2\/","og_site_name":"Pingol","article_modified_time":"2025-01-30T19:03:59+00:00","og_image":[{"width":2560,"height":754,"url":"https:\/\/pingol.com.mx\/wp-content\/uploads\/2025\/01\/Productos-pingol-scaled.webp","type":"image\/webp"}],"twitter_card":"summary_large_image","twitter_misc":{"Tiempo de lectura":"1 minuto"},"schema":{"@context":"https:\/\/schema.org","@graph":[{"@type":"WebPage","@id":"https:\/\/pingol.com.mx\/index.php\/productos-2\/","url":"https:\/\/pingol.com.mx\/index.php\/productos-2\/","name":"PRODUCTOS - Pingol","isPartOf":{"@id":"https:\/\/pingol.com.mx\/#website"},"primaryImageOfPage":{"@id":"https:\/\/pingol.com.mx\/index.php\/productos-2\/#primaryimage"},"image":{"@id":"https:\/\/pingol.com.mx\/index.php\/productos-2\/#primaryimage"},"thumbnailUrl":"https:\/\/pingol.com.mx\/wp-content\/uploads\/2025\/01\/Productos-pingol-scaled.webp","datePublished":"2025-01-27T15:07:22+00:00","dateModified":"2025-01-30T19:03:59+00:00","breadcrumb":{"@id":"https:\/\/pingol.com.mx\/index.php\/productos-2\/#breadcrumb"},"inLanguage":"es","potentialAction":[{"@type":"ReadAction","target":["https:\/\/pingol.com.mx\/index.php\/productos-2\/"]}]},{"@type":"ImageObject","inLanguage":"es","@id":"https:\/\/pingol.com.mx\/index.php\/productos-2\/#primaryimage","url":"https:\/\/pingol.com.mx\/wp-content\/uploads\/2025\/01\/Productos-pingol-scaled.webp","contentUrl":"https:\/\/pingol.com.mx\/wp-content\/uploads\/2025\/01\/Productos-pingol-scaled.webp","width":2560,"height":754},{"@type":"BreadcrumbList","@id":"https:\/\/pingol.com.mx\/index.php\/productos-2\/#breadcrumb","itemListElement":[{"@type":"ListItem","position":1,"name":"Portada","item":"https:\/\/pingol.com.mx\/"},{"@type":"ListItem","position":2,"name":"PRODUCTOS"}]},{"@type":"WebSite","@id":"https:\/\/pingol.com.mx\/#website","url":"https:\/\/pingol.com.mx\/","name":"Pingol","description":"Descubre Comex Pingol, tiendas de pintura en Tulancingo, Tula, Veracruz, Tizayuca, Estado de M\u00e9xico, Ciudad de M\u00e9xico, Ciudad Valles, Poza Rica y Norte de Puebla. Ofrecemos una amplia gama de colores y acabados de alta calidad para dar vida a tus espacios. \u00a1Explora nuestra colecci\u00f3n y transforma tu hogar hoy mismo! Meta","publisher":{"@id":"https:\/\/pingol.com.mx\/#organization"},"alternateName":"Pinturas Pingol","potentialAction":[{"@type":"SearchAction","target":{"@type":"EntryPoint","urlTemplate":"https:\/\/pingol.com.mx\/?s={search_term_string}"},"query-input":{"@type":"PropertyValueSpecification","valueRequired":true,"valueName":"search_term_string"}}],"inLanguage":"es"},{"@type":"Organization","@id":"https:\/\/pingol.com.mx\/#organization","name":"Pingol","url":"https:\/\/pingol.com.mx\/","logo":{"@type":"ImageObject","inLanguage":"es","@id":"https:\/\/pingol.com.mx\/#\/schema\/logo\/image\/","url":"https:\/\/pingol.com.mx\/wp-content\/uploads\/2023\/03\/cropped-Diseno-sin-titulo-3.png","contentUrl":"https:\/\/pingol.com.mx\/wp-content\/uploads\/2023\/03\/cropped-Diseno-sin-titulo-3.png","width":196,"height":100,"caption":"Pingol"},"image":{"@id":"https:\/\/pingol.com.mx\/#\/schema\/logo\/image\/"},"sameAs":["https:\/\/www.tiktok.com\/@tiendascomexgruporoma"]}]}},"_links":{"self":[{"href":"https:\/\/pingol.com.mx\/index.php\/wp-json\/wp\/v2\/pages\/2135","targetHints":{"allow":["GET"]}}],"collection":[{"href":"https:\/\/pingol.com.mx\/index.php\/wp-json\/wp\/v2\/pages"}],"about":[{"href":"https:\/\/pingol.com.mx\/index.php\/wp-json\/wp\/v2\/types\/page"}],"author":[{"embeddable":true,"href":"https:\/\/pingol.com.mx\/index.php\/wp-json\/wp\/v2\/users\/1"}],"replies":[{"embeddable":true,"href":"https:\/\/pingol.com.mx\/index.php\/wp-json\/wp\/v2\/comments?post=2135"}],"version-history":[{"count":13,"href":"https:\/\/pingol.com.mx\/index.php\/wp-json\/wp\/v2\/pages\/2135\/revisions"}],"predecessor-version":[{"id":2418,"href":"https:\/\/pingol.com.mx\/index.php\/wp-json\/wp\/v2\/pages\/2135\/revisions\/2418"}],"wp:attachment":[{"href":"https:\/\/pingol.com.mx\/index.php\/wp-json\/wp\/v2\/media?parent=2135"}],"curies":[{"name":"wp","href":"https:\/\/api.w.org\/{rel}","templated":true}]}}