{"id":2898,"date":"2025-05-07T19:07:33","date_gmt":"2025-05-07T19:07:33","guid":{"rendered":"https:\/\/pingol.com.mx\/?page_id=2898"},"modified":"2025-05-07T19:22:15","modified_gmt":"2025-05-07T19:22:15","slug":"blog-pinta-tu-bici-con-comex","status":"publish","type":"page","link":"https:\/\/pingol.com.mx\/index.php\/blog-pinta-tu-bici-con-comex\/","title":{"rendered":"BLOG Pinta tu bici con Comex"},"content":{"rendered":"\t\t<div data-elementor-type=\"wp-page\" data-elementor-id=\"2898\" class=\"elementor elementor-2898\" data-elementor-post-type=\"page\">\n\t\t\t\t\t\t<section class=\"elementor-section elementor-top-section elementor-element elementor-element-4d8b3b1 elementor-section-boxed elementor-section-height-default elementor-section-height-default\" data-id=\"4d8b3b1\" data-element_type=\"section\" data-e-type=\"section\">\n\t\t\t\t\t\t<div class=\"elementor-container elementor-column-gap-default\">\n\t\t\t\t\t<div class=\"elementor-column elementor-col-100 elementor-top-column elementor-element elementor-element-4d0a487\" data-id=\"4d0a487\" data-element_type=\"column\" data-e-type=\"column\">\n\t\t\t<div class=\"elementor-widget-wrap elementor-element-populated\">\n\t\t\t\t\t\t<div class=\"elementor-element elementor-element-da4c439 elementor-widget elementor-widget-image\" data-id=\"da4c439\" data-element_type=\"widget\" data-e-type=\"widget\" data-widget_type=\"image.default\">\n\t\t\t\t<div class=\"elementor-widget-container\">\n\t\t\t\t\t\t\t\t\t\t\t\t\t\t\t<img fetchpriority=\"high\" decoding=\"async\" width=\"800\" height=\"300\" src=\"https:\/\/pingol.com.mx\/wp-content\/uploads\/2025\/05\/baner-blog-1-1024x384.png\" class=\"attachment-large size-large wp-image-2922\" alt=\"\" srcset=\"https:\/\/pingol.com.mx\/wp-content\/uploads\/2025\/05\/baner-blog-1-1024x384.png 1024w, https:\/\/pingol.com.mx\/wp-content\/uploads\/2025\/05\/baner-blog-1-300x113.png 300w, https:\/\/pingol.com.mx\/wp-content\/uploads\/2025\/05\/baner-blog-1-768x288.png 768w, https:\/\/pingol.com.mx\/wp-content\/uploads\/2025\/05\/baner-blog-1-1536x576.png 1536w, https:\/\/pingol.com.mx\/wp-content\/uploads\/2025\/05\/baner-blog-1.png 1920w\" sizes=\"(max-width: 800px) 100vw, 800px\" \/>\t\t\t\t\t\t\t\t\t\t\t\t\t\t\t<\/div>\n\t\t\t\t<\/div>\n\t\t\t\t\t<\/div>\n\t\t<\/div>\n\t\t\t\t\t<\/div>\n\t\t<\/section>\n\t\t\t\t<section class=\"elementor-section elementor-top-section elementor-element elementor-element-be9f4cd elementor-section-boxed elementor-section-height-default elementor-section-height-default\" data-id=\"be9f4cd\" data-element_type=\"section\" data-e-type=\"section\">\n\t\t\t\t\t\t<div class=\"elementor-container elementor-column-gap-default\">\n\t\t\t\t\t<div class=\"elementor-column elementor-col-100 elementor-top-column elementor-element elementor-element-df2b831\" data-id=\"df2b831\" data-element_type=\"column\" data-e-type=\"column\">\n\t\t\t<div class=\"elementor-widget-wrap elementor-element-populated\">\n\t\t\t\t\t\t<div class=\"elementor-element elementor-element-21dea6e elementor-widget elementor-widget-text-editor\" data-id=\"21dea6e\" data-element_type=\"widget\" data-e-type=\"widget\" data-widget_type=\"text-editor.default\">\n\t\t\t\t<div class=\"elementor-widget-container\">\n\t\t\t\t\t\t\t\t\t<p>Dale un nuevo aire a tu bicicleta con Comex.<\/p><p>\u00bfTu bicicleta se encuentra algo da\u00f1ada? No tendr\u00edas por qu\u00e9 despedirte de ella, puedes darle una nueva vida con Comex.<\/p><p>Materiales:<\/p><ol><li>Aero Comex\u00ae<\/li><li>Aero Comex\u00ae Primario<\/li><li>Lentes de protecci\u00f3n<\/li><li>Mascarilla<\/li><li>Lijas de agua grado 600<\/li><li>Trapo<\/li><\/ol>\t\t\t\t\t\t\t\t<\/div>\n\t\t\t\t<\/div>\n\t\t\t\t\t<\/div>\n\t\t<\/div>\n\t\t\t\t\t<\/div>\n\t\t<\/section>\n\t\t\t\t<section class=\"elementor-section elementor-top-section elementor-element elementor-element-98370e4 elementor-section-boxed elementor-section-height-default elementor-section-height-default\" data-id=\"98370e4\" data-element_type=\"section\" data-e-type=\"section\">\n\t\t\t\t\t\t<div class=\"elementor-container elementor-column-gap-default\">\n\t\t\t\t\t<div class=\"elementor-column elementor-col-50 elementor-top-column elementor-element elementor-element-5bd3e16\" data-id=\"5bd3e16\" data-element_type=\"column\" data-e-type=\"column\">\n\t\t\t<div class=\"elementor-widget-wrap elementor-element-populated\">\n\t\t\t\t\t\t<div class=\"elementor-element elementor-element-93e83eb elementor-widget elementor-widget-image\" data-id=\"93e83eb\" data-element_type=\"widget\" data-e-type=\"widget\" data-widget_type=\"image.default\">\n\t\t\t\t<div class=\"elementor-widget-container\">\n\t\t\t\t\t\t\t\t\t\t\t\t\t\t\t<img decoding=\"async\" width=\"800\" height=\"800\" src=\"https:\/\/pingol.com.mx\/wp-content\/uploads\/2025\/05\/BLOG-1024x1024.png\" class=\"attachment-large size-large wp-image-2924\" alt=\"\" srcset=\"https:\/\/pingol.com.mx\/wp-content\/uploads\/2025\/05\/BLOG-1024x1024.png 1024w, https:\/\/pingol.com.mx\/wp-content\/uploads\/2025\/05\/BLOG-300x300.png 300w, https:\/\/pingol.com.mx\/wp-content\/uploads\/2025\/05\/BLOG-150x150.png 150w, https:\/\/pingol.com.mx\/wp-content\/uploads\/2025\/05\/BLOG-768x768.png 768w, https:\/\/pingol.com.mx\/wp-content\/uploads\/2025\/05\/BLOG.png 1200w\" sizes=\"(max-width: 800px) 100vw, 800px\" \/>\t\t\t\t\t\t\t\t\t\t\t\t\t\t\t<\/div>\n\t\t\t\t<\/div>\n\t\t\t\t\t<\/div>\n\t\t<\/div>\n\t\t\t\t<div class=\"elementor-column elementor-col-50 elementor-top-column elementor-element elementor-element-ec7df20\" data-id=\"ec7df20\" data-element_type=\"column\" data-e-type=\"column\">\n\t\t\t<div class=\"elementor-widget-wrap elementor-element-populated\">\n\t\t\t\t\t\t<div class=\"elementor-element elementor-element-527c4bc elementor-widget elementor-widget-image\" data-id=\"527c4bc\" data-element_type=\"widget\" data-e-type=\"widget\" data-widget_type=\"image.default\">\n\t\t\t\t<div class=\"elementor-widget-container\">\n\t\t\t\t\t\t\t\t\t\t\t\t\t\t\t<img decoding=\"async\" width=\"800\" height=\"800\" src=\"https:\/\/pingol.com.mx\/wp-content\/uploads\/2025\/05\/BLOG-1-1024x1024.png\" class=\"attachment-large size-large wp-image-2923\" alt=\"\" srcset=\"https:\/\/pingol.com.mx\/wp-content\/uploads\/2025\/05\/BLOG-1-1024x1024.png 1024w, https:\/\/pingol.com.mx\/wp-content\/uploads\/2025\/05\/BLOG-1-300x300.png 300w, https:\/\/pingol.com.mx\/wp-content\/uploads\/2025\/05\/BLOG-1-150x150.png 150w, https:\/\/pingol.com.mx\/wp-content\/uploads\/2025\/05\/BLOG-1-768x768.png 768w, https:\/\/pingol.com.mx\/wp-content\/uploads\/2025\/05\/BLOG-1.png 1200w\" sizes=\"(max-width: 800px) 100vw, 800px\" \/>\t\t\t\t\t\t\t\t\t\t\t\t\t\t\t<\/div>\n\t\t\t\t<\/div>\n\t\t\t\t\t<\/div>\n\t\t<\/div>\n\t\t\t\t\t<\/div>\n\t\t<\/section>\n\t\t\t\t<section class=\"elementor-section elementor-top-section elementor-element elementor-element-ff0356c elementor-section-boxed elementor-section-height-default elementor-section-height-default\" data-id=\"ff0356c\" data-element_type=\"section\" data-e-type=\"section\">\n\t\t\t\t\t\t<div class=\"elementor-container elementor-column-gap-default\">\n\t\t\t\t\t<div class=\"elementor-column elementor-col-100 elementor-top-column elementor-element elementor-element-f5ab7a8\" data-id=\"f5ab7a8\" data-element_type=\"column\" data-e-type=\"column\">\n\t\t\t<div class=\"elementor-widget-wrap elementor-element-populated\">\n\t\t\t\t\t\t<div class=\"elementor-element elementor-element-4e273a4 elementor-widget elementor-widget-text-editor\" data-id=\"4e273a4\" data-element_type=\"widget\" data-e-type=\"widget\" data-widget_type=\"text-editor.default\">\n\t\t\t\t<div class=\"elementor-widget-container\">\n\t\t\t\t\t\t\t\t\t<p>Haz esta renovaci\u00f3n en un espacio abierto. Protege el piso y cualquier superficie que puedas manchar.<\/p><p>Limpia la superficie por pintar con un trapo h\u00famedo. Coloca cinta azul Comex en las partes que no quieras pintar.<\/p><p>\u00a0Inicia agitando con fuerza Aero Comex\u00ae Primario, aplica con 30cm de distancia en toda el \u00e1rea por pintar, esto servir\u00e1 como una base y el color de tu bicicleta lucir\u00e1 mejor. Deja secar una hora entre capa, aplica dos capas para que te asegures de cubrir a la perfecci\u00f3n todo.<\/p><p>De nuevo, agita muy bien el Aero Comex\u00ae, roc\u00eda a una distancia de 30 cm. La aplicaci\u00f3n debe ser en ambos sentidos de izquierda a derecha o de arriba abajo, para la pintura quede de manera uniforme. Aseg\u00farate de cubrir toda el \u00e1rea.<\/p><p>Deja en un lugar ventilado para que seque, entre 30 a 40 mins entre capa, m\u00ednimo da dos manos.<\/p><p>\u00a1Listo! Tendr\u00e1s una bicicleta nueva con poco dinero. \u00a0\u00a0\u00a0\u00a0\u00a0\u00a0\u00a0<\/p>\t\t\t\t\t\t\t\t<\/div>\n\t\t\t\t<\/div>\n\t\t\t\t\t<\/div>\n\t\t<\/div>\n\t\t\t\t\t<\/div>\n\t\t<\/section>\n\t\t\t\t<section class=\"elementor-section elementor-top-section elementor-element elementor-element-7c241df elementor-section-boxed elementor-section-height-default elementor-section-height-default\" data-id=\"7c241df\" data-element_type=\"section\" data-e-type=\"section\" data-settings=\"{&quot;background_background&quot;:&quot;classic&quot;}\">\n\t\t\t\t\t\t<div class=\"elementor-container elementor-column-gap-default\">\n\t\t\t\t\t<div class=\"elementor-column elementor-col-100 elementor-top-column elementor-element elementor-element-cd02ac3\" data-id=\"cd02ac3\" data-element_type=\"column\" data-e-type=\"column\">\n\t\t\t<div class=\"elementor-widget-wrap\">\n\t\t\t\t\t\t\t<\/div>\n\t\t<\/div>\n\t\t\t\t\t<\/div>\n\t\t<\/section>\n\t\t\t\t<\/div>\n\t\t","protected":false},"excerpt":{"rendered":"<p>Dale un nuevo aire a tu bicicleta con Comex. \u00bfTu bicicleta se encuentra algo da\u00f1ada? No tendr\u00edas por qu\u00e9 despedirte de ella, puedes darle una nueva vida con Comex. Materiales: Aero Comex\u00ae Aero Comex\u00ae Primario Lentes de protecci\u00f3n Mascarilla Lijas de agua grado 600 Trapo Haz esta renovaci\u00f3n en un espacio abierto. Protege el piso [&hellip;]<\/p>\n","protected":false},"author":1,"featured_media":0,"parent":0,"menu_order":0,"comment_status":"closed","ping_status":"closed","template":"","meta":{"footnotes":""},"class_list":["post-2898","page","type-page","status-publish","hentry"],"yoast_head":"<!-- This site is optimized with the Yoast SEO plugin v27.5 - https:\/\/yoast.com\/product\/yoast-seo-wordpress\/ -->\n<title>BLOG Pinta tu bici con Comex - Pingol<\/title>\n<meta name=\"robots\" content=\"index, follow, max-snippet:-1, max-image-preview:large, max-video-preview:-1\" \/>\n<link rel=\"canonical\" href=\"https:\/\/pingol.com.mx\/index.php\/blog-pinta-tu-bici-con-comex\/\" \/>\n<meta property=\"og:locale\" content=\"es_ES\" \/>\n<meta property=\"og:type\" content=\"article\" \/>\n<meta property=\"og:title\" content=\"BLOG Pinta tu bici con Comex - Pingol\" \/>\n<meta property=\"og:description\" content=\"Dale un nuevo aire a tu bicicleta con Comex. \u00bfTu bicicleta se encuentra algo da\u00f1ada? No tendr\u00edas por qu\u00e9 despedirte de ella, puedes darle una nueva vida con Comex. Materiales: Aero Comex\u00ae Aero Comex\u00ae Primario Lentes de protecci\u00f3n Mascarilla Lijas de agua grado 600 Trapo Haz esta renovaci\u00f3n en un espacio abierto. Protege el piso [&hellip;]\" \/>\n<meta property=\"og:url\" content=\"https:\/\/pingol.com.mx\/index.php\/blog-pinta-tu-bici-con-comex\/\" \/>\n<meta property=\"og:site_name\" content=\"Pingol\" \/>\n<meta property=\"article:modified_time\" content=\"2025-05-07T19:22:15+00:00\" \/>\n<meta property=\"og:image\" content=\"https:\/\/pingol.com.mx\/wp-content\/uploads\/2025\/05\/baner-blog-1.png\" \/>\n\t<meta property=\"og:image:width\" content=\"1920\" \/>\n\t<meta property=\"og:image:height\" content=\"720\" \/>\n\t<meta property=\"og:image:type\" content=\"image\/png\" \/>\n<meta name=\"twitter:card\" content=\"summary_large_image\" \/>\n<meta name=\"twitter:label1\" content=\"Tiempo de lectura\" \/>\n\t<meta name=\"twitter:data1\" content=\"2 minutos\" \/>\n<script type=\"application\/ld+json\" class=\"yoast-schema-graph\">{\"@context\":\"https:\\\/\\\/schema.org\",\"@graph\":[{\"@type\":\"WebPage\",\"@id\":\"https:\\\/\\\/pingol.com.mx\\\/index.php\\\/blog-pinta-tu-bici-con-comex\\\/\",\"url\":\"https:\\\/\\\/pingol.com.mx\\\/index.php\\\/blog-pinta-tu-bici-con-comex\\\/\",\"name\":\"BLOG Pinta tu bici con Comex - Pingol\",\"isPartOf\":{\"@id\":\"https:\\\/\\\/pingol.com.mx\\\/#website\"},\"primaryImageOfPage\":{\"@id\":\"https:\\\/\\\/pingol.com.mx\\\/index.php\\\/blog-pinta-tu-bici-con-comex\\\/#primaryimage\"},\"image\":{\"@id\":\"https:\\\/\\\/pingol.com.mx\\\/index.php\\\/blog-pinta-tu-bici-con-comex\\\/#primaryimage\"},\"thumbnailUrl\":\"https:\\\/\\\/pingol.com.mx\\\/wp-content\\\/uploads\\\/2025\\\/05\\\/baner-blog-1-1024x384.png\",\"datePublished\":\"2025-05-07T19:07:33+00:00\",\"dateModified\":\"2025-05-07T19:22:15+00:00\",\"breadcrumb\":{\"@id\":\"https:\\\/\\\/pingol.com.mx\\\/index.php\\\/blog-pinta-tu-bici-con-comex\\\/#breadcrumb\"},\"inLanguage\":\"es\",\"potentialAction\":[{\"@type\":\"ReadAction\",\"target\":[\"https:\\\/\\\/pingol.com.mx\\\/index.php\\\/blog-pinta-tu-bici-con-comex\\\/\"]}]},{\"@type\":\"ImageObject\",\"inLanguage\":\"es\",\"@id\":\"https:\\\/\\\/pingol.com.mx\\\/index.php\\\/blog-pinta-tu-bici-con-comex\\\/#primaryimage\",\"url\":\"https:\\\/\\\/pingol.com.mx\\\/wp-content\\\/uploads\\\/2025\\\/05\\\/baner-blog-1.png\",\"contentUrl\":\"https:\\\/\\\/pingol.com.mx\\\/wp-content\\\/uploads\\\/2025\\\/05\\\/baner-blog-1.png\",\"width\":1920,\"height\":720},{\"@type\":\"BreadcrumbList\",\"@id\":\"https:\\\/\\\/pingol.com.mx\\\/index.php\\\/blog-pinta-tu-bici-con-comex\\\/#breadcrumb\",\"itemListElement\":[{\"@type\":\"ListItem\",\"position\":1,\"name\":\"Portada\",\"item\":\"https:\\\/\\\/pingol.com.mx\\\/\"},{\"@type\":\"ListItem\",\"position\":2,\"name\":\"BLOG Pinta tu bici con Comex\"}]},{\"@type\":\"WebSite\",\"@id\":\"https:\\\/\\\/pingol.com.mx\\\/#website\",\"url\":\"https:\\\/\\\/pingol.com.mx\\\/\",\"name\":\"Pingol\",\"description\":\"Descubre Comex Pingol, tiendas de pintura en Tulancingo, Tula, Veracruz, Tizayuca, Estado de M\u00e9xico, Ciudad de M\u00e9xico, Ciudad Valles, Poza Rica y Norte de Puebla. Ofrecemos una amplia gama de colores y acabados de alta calidad para dar vida a tus espacios. \u00a1Explora nuestra colecci\u00f3n y transforma tu hogar hoy mismo! Meta\",\"publisher\":{\"@id\":\"https:\\\/\\\/pingol.com.mx\\\/#organization\"},\"alternateName\":\"Pinturas Pingol\",\"potentialAction\":[{\"@type\":\"SearchAction\",\"target\":{\"@type\":\"EntryPoint\",\"urlTemplate\":\"https:\\\/\\\/pingol.com.mx\\\/?s={search_term_string}\"},\"query-input\":{\"@type\":\"PropertyValueSpecification\",\"valueRequired\":true,\"valueName\":\"search_term_string\"}}],\"inLanguage\":\"es\"},{\"@type\":\"Organization\",\"@id\":\"https:\\\/\\\/pingol.com.mx\\\/#organization\",\"name\":\"Pingol\",\"url\":\"https:\\\/\\\/pingol.com.mx\\\/\",\"logo\":{\"@type\":\"ImageObject\",\"inLanguage\":\"es\",\"@id\":\"https:\\\/\\\/pingol.com.mx\\\/#\\\/schema\\\/logo\\\/image\\\/\",\"url\":\"https:\\\/\\\/pingol.com.mx\\\/wp-content\\\/uploads\\\/2023\\\/03\\\/cropped-Diseno-sin-titulo-3.png\",\"contentUrl\":\"https:\\\/\\\/pingol.com.mx\\\/wp-content\\\/uploads\\\/2023\\\/03\\\/cropped-Diseno-sin-titulo-3.png\",\"width\":196,\"height\":100,\"caption\":\"Pingol\"},\"image\":{\"@id\":\"https:\\\/\\\/pingol.com.mx\\\/#\\\/schema\\\/logo\\\/image\\\/\"},\"sameAs\":[\"https:\\\/\\\/www.tiktok.com\\\/@tiendascomexgruporoma\"]}]}<\/script>\n<!-- \/ Yoast SEO plugin. -->","yoast_head_json":{"title":"BLOG Pinta tu bici con Comex - Pingol","robots":{"index":"index","follow":"follow","max-snippet":"max-snippet:-1","max-image-preview":"max-image-preview:large","max-video-preview":"max-video-preview:-1"},"canonical":"https:\/\/pingol.com.mx\/index.php\/blog-pinta-tu-bici-con-comex\/","og_locale":"es_ES","og_type":"article","og_title":"BLOG Pinta tu bici con Comex - Pingol","og_description":"Dale un nuevo aire a tu bicicleta con Comex. \u00bfTu bicicleta se encuentra algo da\u00f1ada? No tendr\u00edas por qu\u00e9 despedirte de ella, puedes darle una nueva vida con Comex. Materiales: Aero Comex\u00ae Aero Comex\u00ae Primario Lentes de protecci\u00f3n Mascarilla Lijas de agua grado 600 Trapo Haz esta renovaci\u00f3n en un espacio abierto. Protege el piso [&hellip;]","og_url":"https:\/\/pingol.com.mx\/index.php\/blog-pinta-tu-bici-con-comex\/","og_site_name":"Pingol","article_modified_time":"2025-05-07T19:22:15+00:00","og_image":[{"width":1920,"height":720,"url":"https:\/\/pingol.com.mx\/wp-content\/uploads\/2025\/05\/baner-blog-1.png","type":"image\/png"}],"twitter_card":"summary_large_image","twitter_misc":{"Tiempo de lectura":"2 minutos"},"schema":{"@context":"https:\/\/schema.org","@graph":[{"@type":"WebPage","@id":"https:\/\/pingol.com.mx\/index.php\/blog-pinta-tu-bici-con-comex\/","url":"https:\/\/pingol.com.mx\/index.php\/blog-pinta-tu-bici-con-comex\/","name":"BLOG Pinta tu bici con Comex - Pingol","isPartOf":{"@id":"https:\/\/pingol.com.mx\/#website"},"primaryImageOfPage":{"@id":"https:\/\/pingol.com.mx\/index.php\/blog-pinta-tu-bici-con-comex\/#primaryimage"},"image":{"@id":"https:\/\/pingol.com.mx\/index.php\/blog-pinta-tu-bici-con-comex\/#primaryimage"},"thumbnailUrl":"https:\/\/pingol.com.mx\/wp-content\/uploads\/2025\/05\/baner-blog-1-1024x384.png","datePublished":"2025-05-07T19:07:33+00:00","dateModified":"2025-05-07T19:22:15+00:00","breadcrumb":{"@id":"https:\/\/pingol.com.mx\/index.php\/blog-pinta-tu-bici-con-comex\/#breadcrumb"},"inLanguage":"es","potentialAction":[{"@type":"ReadAction","target":["https:\/\/pingol.com.mx\/index.php\/blog-pinta-tu-bici-con-comex\/"]}]},{"@type":"ImageObject","inLanguage":"es","@id":"https:\/\/pingol.com.mx\/index.php\/blog-pinta-tu-bici-con-comex\/#primaryimage","url":"https:\/\/pingol.com.mx\/wp-content\/uploads\/2025\/05\/baner-blog-1.png","contentUrl":"https:\/\/pingol.com.mx\/wp-content\/uploads\/2025\/05\/baner-blog-1.png","width":1920,"height":720},{"@type":"BreadcrumbList","@id":"https:\/\/pingol.com.mx\/index.php\/blog-pinta-tu-bici-con-comex\/#breadcrumb","itemListElement":[{"@type":"ListItem","position":1,"name":"Portada","item":"https:\/\/pingol.com.mx\/"},{"@type":"ListItem","position":2,"name":"BLOG Pinta tu bici con Comex"}]},{"@type":"WebSite","@id":"https:\/\/pingol.com.mx\/#website","url":"https:\/\/pingol.com.mx\/","name":"Pingol","description":"Descubre Comex Pingol, tiendas de pintura en Tulancingo, Tula, Veracruz, Tizayuca, Estado de M\u00e9xico, Ciudad de M\u00e9xico, Ciudad Valles, Poza Rica y Norte de Puebla. Ofrecemos una amplia gama de colores y acabados de alta calidad para dar vida a tus espacios. \u00a1Explora nuestra colecci\u00f3n y transforma tu hogar hoy mismo! Meta","publisher":{"@id":"https:\/\/pingol.com.mx\/#organization"},"alternateName":"Pinturas Pingol","potentialAction":[{"@type":"SearchAction","target":{"@type":"EntryPoint","urlTemplate":"https:\/\/pingol.com.mx\/?s={search_term_string}"},"query-input":{"@type":"PropertyValueSpecification","valueRequired":true,"valueName":"search_term_string"}}],"inLanguage":"es"},{"@type":"Organization","@id":"https:\/\/pingol.com.mx\/#organization","name":"Pingol","url":"https:\/\/pingol.com.mx\/","logo":{"@type":"ImageObject","inLanguage":"es","@id":"https:\/\/pingol.com.mx\/#\/schema\/logo\/image\/","url":"https:\/\/pingol.com.mx\/wp-content\/uploads\/2023\/03\/cropped-Diseno-sin-titulo-3.png","contentUrl":"https:\/\/pingol.com.mx\/wp-content\/uploads\/2023\/03\/cropped-Diseno-sin-titulo-3.png","width":196,"height":100,"caption":"Pingol"},"image":{"@id":"https:\/\/pingol.com.mx\/#\/schema\/logo\/image\/"},"sameAs":["https:\/\/www.tiktok.com\/@tiendascomexgruporoma"]}]}},"_links":{"self":[{"href":"https:\/\/pingol.com.mx\/index.php\/wp-json\/wp\/v2\/pages\/2898","targetHints":{"allow":["GET"]}}],"collection":[{"href":"https:\/\/pingol.com.mx\/index.php\/wp-json\/wp\/v2\/pages"}],"about":[{"href":"https:\/\/pingol.com.mx\/index.php\/wp-json\/wp\/v2\/types\/page"}],"author":[{"embeddable":true,"href":"https:\/\/pingol.com.mx\/index.php\/wp-json\/wp\/v2\/users\/1"}],"replies":[{"embeddable":true,"href":"https:\/\/pingol.com.mx\/index.php\/wp-json\/wp\/v2\/comments?post=2898"}],"version-history":[{"count":4,"href":"https:\/\/pingol.com.mx\/index.php\/wp-json\/wp\/v2\/pages\/2898\/revisions"}],"predecessor-version":[{"id":2927,"href":"https:\/\/pingol.com.mx\/index.php\/wp-json\/wp\/v2\/pages\/2898\/revisions\/2927"}],"wp:attachment":[{"href":"https:\/\/pingol.com.mx\/index.php\/wp-json\/wp\/v2\/media?parent=2898"}],"curies":[{"name":"wp","href":"https:\/\/api.w.org\/{rel}","templated":true}]}}